{"id":5970,"date":"2021-04-21T09:52:29","date_gmt":"2021-04-21T07:52:29","guid":{"rendered":"https:\/\/soler-wp.ixole.es\/?page_id=5970"},"modified":"2025-07-11T10:40:52","modified_gmt":"2025-07-11T08:40:52","slug":"catalogos","status":"publish","type":"page","link":"https:\/\/soler-wp.ixole.es\/es\/catalogos\/","title":{"rendered":"Cat\u00e1logos"},"content":{"rendered":"<p>[et_pb_section fb_built=\u00bb1&#8243; _builder_version=\u00bb4.16&#8243; custom_margin=\u00bb||0px|\u00bb custom_padding=\u00bb||36px||false|false\u00bb global_colors_info=\u00bb{}\u00bb][et_pb_row _builder_version=\u00bb4.16&#8243; global_colors_info=\u00bb{}\u00bb][et_pb_column type=\u00bb4_4&#8243; _builder_version=\u00bb4.16&#8243; custom_padding=\u00bb|||\u00bb global_colors_info=\u00bb{}\u00bb custom_padding__hover=\u00bb|||\u00bb][et_pb_text _builder_version=\u00bb4.16&#8243; header_font=\u00bb|700||on|||||\u00bb header_text_color=\u00bb#1a3f74&#8243; header_font_size=\u00bb36px\u00bb global_colors_info=\u00bb{}\u00bb]<\/p>\n<h1 style=\"text-align: center;\">cat\u00e1logos de producto<\/h1>\n<p>[\/et_pb_text][\/et_pb_column][\/et_pb_row][et_pb_row column_structure=\u00bb1_4,1_4,1_4,1_4&#8243; _builder_version=\u00bb4.16&#8243; max_width=\u00bb80%\u00bb use_custom_width=\u00bbon\u00bb width_unit=\u00bboff\u00bb global_colors_info=\u00bb{}\u00bb][et_pb_column type=\u00bb1_4&#8243; _builder_version=\u00bb4.16&#8243; custom_padding=\u00bb|||\u00bb global_colors_info=\u00bb{}\u00bb custom_padding__hover=\u00bb|||\u00bb][et_pb_text admin_label=\u00bbText\u00bb _builder_version=\u00bb4.16&#8243; text_font=\u00bbSource Sans Pro|700|||||||\u00bb text_text_color=\u00bb#222222&#8243; text_font_size=\u00bb21px\u00bb text_orientation=\u00bbcenter\u00bb custom_margin=\u00bb|||\u00bb use_border_color=\u00bboff\u00bb border_color=\u00bb#ffffff\u00bb border_style=\u00bbsolid\u00bb locked=\u00bboff\u00bb global_colors_info=\u00bb{}\u00bb]<\/p>\n<p>Cat\u00e1logo Viliter<\/p>\n<p>[\/et_pb_text][et_pb_image src=\u00bbhttps:\/\/soler-wp.ixole.es\/wp-content\/uploads\/2025\/07\/caratula_viliter_V2.jpg\u00bb alt=\u00bbCat\u00e1logo Ascensores Viliter\u00bb title_text=\u00bbCat\u00e1logo Ascensores Viliter\u00bb align=\u00bbcenter\u00bb align_tablet=\u00bbcenter\u00bb align_phone=\u00bb\u00bb align_last_edited=\u00bbon|desktop\u00bb _builder_version=\u00bb4.27.4&#8243; custom_margin=\u00bb0px||\u00bb hover_enabled=\u00bb0&#8243; border_width_all=\u00bb1px\u00bb box_shadow_style=\u00bbpreset3&#8243; locked=\u00bboff\u00bb global_colors_info=\u00bb{}\u00bb sticky_enabled=\u00bb0&#8243;][\/et_pb_image][et_pb_button button_url=\u00bbhttps:\/\/soler-wp.ixole.es\/wp-content\/uploads\/2025\/07\/cataleg-VILITER-2025_v2.pdf\u00bb url_new_window=\u00bbon\u00bb button_text=\u00bbDescarga\u00bb button_alignment=\u00bbcenter\u00bb _builder_version=\u00bb4.27.4&#8243; custom_button=\u00bbon\u00bb button_bg_color=\u00bb#007cb1&#8243; button_font=\u00bb|700||on|||||\u00bb custom_padding=\u00bb10px|30px|10px|30px|true|true\u00bb locked=\u00bboff\u00bb global_colors_info=\u00bb{}\u00bb][\/et_pb_button][\/et_pb_column][et_pb_column type=\u00bb1_4&#8243; _builder_version=\u00bb4.16&#8243; custom_padding=\u00bb|||\u00bb global_colors_info=\u00bb{}\u00bb custom_padding__hover=\u00bb|||\u00bb][et_pb_text admin_label=\u00bbText\u00bb _builder_version=\u00bb4.16&#8243; text_font=\u00bbSource Sans Pro|700|||||||\u00bb text_text_color=\u00bb#222222&#8243; text_font_size=\u00bb21px\u00bb text_orientation=\u00bbcenter\u00bb custom_margin=\u00bb|||\u00bb use_border_color=\u00bboff\u00bb border_color=\u00bb#ffffff\u00bb border_style=\u00bbsolid\u00bb locked=\u00bboff\u00bb global_colors_info=\u00bb{}\u00bb]<\/p>\n<p>Cat\u00e1logo Style<\/p>\n<p>[\/et_pb_text][et_pb_image src=\u00bbhttps:\/\/soler-wp.ixole.es\/wp-content\/uploads\/2025\/07\/caratula_style_V2.jpg\u00bb alt=\u00bbCat\u00e1logo Ascensores Style\u00bb title_text=\u00bbCat\u00e1logo Ascensores Style\u00bb align=\u00bbcenter\u00bb align_tablet=\u00bbcenter\u00bb align_phone=\u00bb\u00bb align_last_edited=\u00bbon|desktop\u00bb _builder_version=\u00bb4.27.4&#8243; custom_margin=\u00bb0px||\u00bb hover_enabled=\u00bb0&#8243; border_width_all=\u00bb1px\u00bb box_shadow_style=\u00bbpreset3&#8243; global_colors_info=\u00bb{}\u00bb sticky_enabled=\u00bb0&#8243;][\/et_pb_image][et_pb_button button_url=\u00bbhttps:\/\/soler-wp.ixole.es\/wp-content\/uploads\/2025\/07\/Cataleg-STYLE-2025_V2.pdf\u00bb url_new_window=\u00bbon\u00bb button_text=\u00bbDescarga\u00bb button_alignment=\u00bbcenter\u00bb _builder_version=\u00bb4.27.4&#8243; custom_button=\u00bbon\u00bb button_bg_color=\u00bb#007cb1&#8243; button_font=\u00bb|700||on|||||\u00bb custom_padding=\u00bb10px|30px|10px|30px|true|true\u00bb global_colors_info=\u00bb{}\u00bb][\/et_pb_button][\/et_pb_column][et_pb_column type=\u00bb1_4&#8243; _builder_version=\u00bb4.16&#8243; custom_padding=\u00bb|||\u00bb global_colors_info=\u00bb{}\u00bb custom_padding__hover=\u00bb|||\u00bb][et_pb_text admin_label=\u00bbText\u00bb _builder_version=\u00bb4.16&#8243; text_font=\u00bbSource Sans Pro|700|||||||\u00bb text_text_color=\u00bb#222222&#8243; text_font_size=\u00bb21px\u00bb text_orientation=\u00bbcenter\u00bb custom_margin=\u00bb|||\u00bb use_border_color=\u00bboff\u00bb border_color=\u00bb#ffffff\u00bb border_style=\u00bbsolid\u00bb locked=\u00bboff\u00bb global_colors_info=\u00bb{}\u00bb]<\/p>\n<p>Cat\u00e1logo Supra<\/p>\n<p>[\/et_pb_text][et_pb_image src=\u00bbhttps:\/\/soler-wp.ixole.es\/wp-content\/uploads\/2025\/07\/caratula_supra_V2-1.jpg\u00bb alt=\u00bbCat\u00e1logo Ascensores Supra\u00bb title_text=\u00bbCat\u00e1logo Ascensores Supra\u00bb align=\u00bbcenter\u00bb align_tablet=\u00bbcenter\u00bb align_phone=\u00bb\u00bb align_last_edited=\u00bbon|desktop\u00bb _builder_version=\u00bb4.27.4&#8243; custom_margin=\u00bb0px||\u00bb hover_enabled=\u00bb0&#8243; border_width_all=\u00bb1px\u00bb box_shadow_style=\u00bbpreset3&#8243; locked=\u00bboff\u00bb global_colors_info=\u00bb{}\u00bb sticky_enabled=\u00bb0&#8243;][\/et_pb_image][et_pb_button button_url=\u00bbhttps:\/\/soler-wp.ixole.es\/wp-content\/uploads\/2025\/07\/Cataleg-SUPRA-2025_V2.pdf\u00bb url_new_window=\u00bbon\u00bb button_text=\u00bbDescarga\u00bb button_alignment=\u00bbcenter\u00bb _builder_version=\u00bb4.27.4&#8243; custom_button=\u00bbon\u00bb button_bg_color=\u00bb#007cb1&#8243; button_font=\u00bb|700||on|||||\u00bb custom_padding=\u00bb10px|30px|10px|30px|true|true\u00bb locked=\u00bboff\u00bb global_colors_info=\u00bb{}\u00bb][\/et_pb_button][\/et_pb_column][et_pb_column type=\u00bb1_4&#8243; _builder_version=\u00bb4.16&#8243; custom_padding=\u00bb|||\u00bb global_colors_info=\u00bb{}\u00bb custom_padding__hover=\u00bb|||\u00bb][et_pb_text admin_label=\u00bbText\u00bb _builder_version=\u00bb4.24.0&#8243; text_font=\u00bbSource Sans Pro|700|||||||\u00bb text_text_color=\u00bb#222222&#8243; text_font_size=\u00bb21px\u00bb text_orientation=\u00bbcenter\u00bb custom_margin=\u00bb|||\u00bb use_border_color=\u00bboff\u00bb border_color=\u00bb#ffffff\u00bb border_style=\u00bbsolid\u00bb locked=\u00bboff\u00bb global_colors_info=\u00bb{}\u00bb]<\/p>\n<p>Elevador Cabinado Oleodin\u00e1mico<\/p>\n<p>[\/et_pb_text][et_pb_image src=\u00bbhttps:\/\/soler-wp.ixole.es\/wp-content\/uploads\/2024\/02\/Catalogo_Felesa.jpg\u00bb title_text=\u00bbCat\u00e1logo_Felesa\u00bb align=\u00bbcenter\u00bb align_tablet=\u00bbcenter\u00bb align_phone=\u00bb\u00bb align_last_edited=\u00bbon|desktop\u00bb _builder_version=\u00bb4.24.0&#8243; custom_margin=\u00bb0px||\u00bb border_width_all=\u00bb1px\u00bb box_shadow_style=\u00bbpreset3&#8243; locked=\u00bboff\u00bb global_colors_info=\u00bb{}\u00bb][\/et_pb_image][et_pb_button button_url=\u00bbhttps:\/\/soler-wp.ixole.es\/wp-content\/uploads\/2024\/02\/cataleg_sencer_FELESA_2.pdf\u00bb url_new_window=\u00bbon\u00bb button_text=\u00bbDescarga\u00bb button_alignment=\u00bbcenter\u00bb _builder_version=\u00bb4.24.0&#8243; custom_button=\u00bbon\u00bb button_bg_color=\u00bb#007cb1&#8243; button_font=\u00bb|700||on|||||\u00bb custom_padding=\u00bb10px|30px|10px|30px|true|true\u00bb locked=\u00bboff\u00bb global_colors_info=\u00bb{}\u00bb][\/et_pb_button][\/et_pb_column][\/et_pb_row][\/et_pb_section]<\/p>\n","protected":false},"excerpt":{"rendered":"<p>cat\u00e1logos de producto Cat\u00e1logo Viliter Cat\u00e1logo Style Cat\u00e1logo Supra Elevador Cabinado Oleodin\u00e1mico<\/p>\n","protected":false},"author":1,"featured_media":0,"parent":0,"menu_order":0,"comment_status":"closed","ping_status":"closed","template":"","meta":{"_et_pb_use_builder":"on","_et_pb_old_content":"<p>[et_pb_section fb_built=\"1\" _builder_version=\"3.19.12\" custom_margin=\"||0px|\" custom_padding=\"||36px||false|false\"][et_pb_row _builder_version=\"3.17.6\"][et_pb_column type=\"4_4\" _builder_version=\"3.0.47\" parallax=\"off\" parallax_method=\"on\"][et_pb_text _builder_version=\"3.19.12\" header_font=\"|700||on|||||\" header_text_color=\"#1a3f74\" header_font_size=\"36px\"]<\/p><h1 style=\"text-align: center;\">cat\u00e0legs de producte<\/h1><p>[\/et_pb_text][\/et_pb_column][\/et_pb_row][et_pb_row _builder_version=\"3.19.12\" use_custom_width=\"on\" width_unit=\"off\"][et_pb_column type=\"1_4\" _builder_version=\"3.19.12\" parallax=\"off\" parallax_method=\"on\"][et_pb_text admin_label=\"Text\" _builder_version=\"3.19.12\" text_font=\"Source Sans Pro|700|||||||\" text_text_color=\"#222222\" text_font_size=\"21px\" text_orientation=\"center\" custom_margin=\"|||\" use_border_color=\"off\" border_color=\"#ffffff\" border_style=\"solid\" locked=\"off\"]<\/p><p>Cat\u00e0leg Style<\/p><p>[\/et_pb_text][et_pb_image src=\"https:\/\/soler-wp.ixole.es\/wp-content\/uploads\/2021\/04\/cataleg-style.jpg\" align=\"center\" _builder_version=\"3.19.12\" border_width_all=\"1px\" box_shadow_style=\"preset3\" custom_margin=\"0px||\"][\/et_pb_image][et_pb_button url_new_window=\"on\" custom_button=\"on\" button_bg_color=\"#007cb1\" button_text=\"Descarrega\" _builder_version=\"3.19.12\" button_alignment=\"center\" button_font=\"|700||on|||||\" custom_padding=\"10px|30px|10px|30px|true|true\" button_url=\"https:\/\/soler-wp.ixole.es\/wp-content\/uploads\/2021\/04\/cataleg-2021-STYLE.pdf\"][\/et_pb_button][\/et_pb_column][et_pb_column type=\"1_4\" _builder_version=\"3.19.12\" parallax=\"off\" parallax_method=\"on\"][et_pb_text admin_label=\"Text\" _builder_version=\"3.19.12\" text_font=\"Source Sans Pro|700|||||||\" text_text_color=\"#222222\" text_font_size=\"21px\" text_orientation=\"center\" custom_margin=\"|||\" use_border_color=\"off\" border_color=\"#ffffff\" border_style=\"solid\" locked=\"off\"]<\/p><p>Cat\u00e0leg Supra<\/p><p>[\/et_pb_text][et_pb_image src=\"https:\/\/soler-wp.ixole.es\/wp-content\/uploads\/2021\/04\/cataleg-supra.jpg\" align=\"center\" _builder_version=\"3.19.12\" border_width_all=\"1px\" box_shadow_style=\"preset3\" custom_margin=\"0px||\" locked=\"off\"][\/et_pb_image][et_pb_button url_new_window=\"on\" custom_button=\"on\" button_bg_color=\"#007cb1\" button_text=\"Descarrega\" _builder_version=\"3.19.12\" button_alignment=\"center\" button_font=\"|700||on|||||\" custom_padding=\"10px|30px|10px|30px|true|true\" button_url=\"https:\/\/soler-wp.ixole.es\/wp-content\/uploads\/2021\/04\/cataleg-2021-SUPRA.pdf\" locked=\"off\"][\/et_pb_button][\/et_pb_column][et_pb_column type=\"1_4\" _builder_version=\"3.19.12\" parallax=\"off\" parallax_method=\"on\"][et_pb_text admin_label=\"Text\" _builder_version=\"3.19.12\" text_font=\"Source Sans Pro|700|||||||\" text_text_color=\"#222222\" text_font_size=\"21px\" text_orientation=\"center\" custom_margin=\"|||\" use_border_color=\"off\" border_color=\"#ffffff\" border_style=\"solid\" locked=\"off\"]<\/p><p>Cat\u00e0leg Viliter<\/p><p>[\/et_pb_text][et_pb_image src=\"https:\/\/soler-wp.ixole.es\/wp-content\/uploads\/2021\/04\/cataleg-viliter.jpg\" align=\"center\" _builder_version=\"3.19.12\" border_width_all=\"1px\" box_shadow_style=\"preset3\" custom_margin=\"0px||\" locked=\"off\"][\/et_pb_image][et_pb_button url_new_window=\"on\" custom_button=\"on\" button_bg_color=\"#007cb1\" button_text=\"Descarrega\" _builder_version=\"3.19.12\" button_alignment=\"center\" button_font=\"|700||on|||||\" custom_padding=\"10px|30px|10px|30px|true|true\" button_url=\"https:\/\/soler-wp.ixole.es\/wp-content\/uploads\/2021\/04\/cataleg-2021-VILITER.pdf\" locked=\"off\"][\/et_pb_button][\/et_pb_column][et_pb_column type=\"1_4\" _builder_version=\"3.19.12\" parallax=\"off\" parallax_method=\"on\"][et_pb_text admin_label=\"Text\" _builder_version=\"3.19.12\" text_font=\"Source Sans Pro|700|||||||\" text_text_color=\"#222222\" text_font_size=\"21px\" text_orientation=\"center\" custom_margin=\"|||\" use_border_color=\"off\" border_color=\"#ffffff\" border_style=\"solid\" locked=\"off\"]<\/p><p>Portes seccionals i d'acc\u00e9s<\/p><p>[\/et_pb_text][et_pb_image src=\"https:\/\/soler-wp.ixole.es\/wp-content\/uploads\/2021\/04\/portes-acces.jpg\" align=\"center\" _builder_version=\"3.19.12\" border_width_all=\"1px\" box_shadow_style=\"preset3\" custom_margin=\"0px||\" locked=\"off\"][\/et_pb_image][et_pb_button url_new_window=\"on\" custom_button=\"on\" button_bg_color=\"#007cb1\" button_text=\"Descarrega\" _builder_version=\"3.19.12\" button_alignment=\"center\" button_font=\"|700||on|||||\" custom_padding=\"10px|30px|10px|30px|true|true\" button_url=\"https:\/\/soler-wp.ixole.es\/wp-content\/uploads\/2021\/04\/Portes-Seccionals-i-d_acc\u00e9s.pdf\" locked=\"off\"][\/et_pb_button][\/et_pb_column][\/et_pb_row][\/et_pb_section]<\/p>","_et_gb_content_width":"","footnotes":""},"class_list":["post-5970","page","type-page","status-publish","hentry"],"_links":{"self":[{"href":"https:\/\/soler-wp.ixole.es\/es\/wp-json\/wp\/v2\/pages\/5970","targetHints":{"allow":["GET"]}}],"collection":[{"href":"https:\/\/soler-wp.ixole.es\/es\/wp-json\/wp\/v2\/pages"}],"about":[{"href":"https:\/\/soler-wp.ixole.es\/es\/wp-json\/wp\/v2\/types\/page"}],"author":[{"embeddable":true,"href":"https:\/\/soler-wp.ixole.es\/es\/wp-json\/wp\/v2\/users\/1"}],"replies":[{"embeddable":true,"href":"https:\/\/soler-wp.ixole.es\/es\/wp-json\/wp\/v2\/comments?post=5970"}],"version-history":[{"count":5,"href":"https:\/\/soler-wp.ixole.es\/es\/wp-json\/wp\/v2\/pages\/5970\/revisions"}],"predecessor-version":[{"id":7469,"href":"https:\/\/soler-wp.ixole.es\/es\/wp-json\/wp\/v2\/pages\/5970\/revisions\/7469"}],"wp:attachment":[{"href":"https:\/\/soler-wp.ixole.es\/es\/wp-json\/wp\/v2\/media?parent=5970"}],"curies":[{"name":"wp","href":"https:\/\/api.w.org\/{rel}","templated":true}]}}