{"id":5617,"date":"2019-04-08T11:55:01","date_gmt":"2019-04-08T09:55:01","guid":{"rendered":"https:\/\/soler-wp.ixole.es\/?page_id=5617"},"modified":"2021-04-08T11:51:15","modified_gmt":"2021-04-08T09:51:15","slug":"instalacion-de-escaleras-y-andenes","status":"publish","type":"page","link":"https:\/\/soler-wp.ixole.es\/es\/instalacion-de-escaleras-y-andenes\/","title":{"rendered":"Escaleras y andenes"},"content":{"rendered":"<p>[et_pb_section bb_built=\u00bb1&#8243; specialty=\u00bboff\u00bb _builder_version=\u00bb3.17.6&#8243; next_background_color=\u00bb#ffffff\u00bb background_color=\u00bb#000000&#8243; custom_margin=\u00bb0px||0px|\u00bb custom_padding=\u00bb0px||0px|\u00bb][et_pb_row _builder_version=\u00bb3.17.6&#8243; custom_padding=\u00bb50px||7px|\u00bb][et_pb_column type=\u00bb4_4&#8243;][et_pb_text _builder_version=\u00bb3.19.12&#8243; header_font=\u00bb|300||on|||||\u00bb header_font_size=\u00bb28px\u00bb header_text_color=\u00bb#ffffff\u00bb]<\/p>\n<h1 class=\"titulo_pagina\" style=\"text-align: center;\">Instalaci\u00f3n de<strong> escaleras y andenes<\/strong><\/h1>\n<p>[\/et_pb_text][\/et_pb_column][\/et_pb_row][\/et_pb_section][et_pb_section bb_built=\u00bb1&#8243; specialty=\u00bboff\u00bb _builder_version=\u00bb3.17.6&#8243; next_background_color=\u00bb#f4f4f4&#8243; prev_background_color=\u00bb#000000&#8243;][et_pb_row _builder_version=\u00bb3.17.6&#8243; custom_css_main_2=\u00bbwidth: 35.667% !important;\u00bb custom_css_main_3=\u00bbwidth: 23.667% !important;\u00bb disabled_on=\u00bbon|on|off\u00bb disabled=\u00bboff\u00bb][et_pb_column type=\u00bb1_3&#8243;][et_pb_image _builder_version=\u00bb3.19.12&#8243; src=\u00bbhttps:\/\/soler-wp.ixole.es\/wp-content\/uploads\/2019\/02\/iStock-855447570.jpg\u00bb \/][\/et_pb_column][et_pb_column type=\u00bb1_3&#8243;][et_pb_text _builder_version=\u00bb3.19.12&#8243;]<\/p>\n<p>Ascensors Soler realiza la<strong>\u00a0instalaci\u00f3n de escaleras mec\u00e1nicas y andenes m\u00f3viles\u00a0<\/strong>en todas partes de Catalu\u00f1a.<\/p>\n<p>Si desea puede ponerse en <a href=\"\/es\/contacto\/\">contacto<\/a> con nosotros o llamarnos al n\u00famero de tel\u00e9fono 934 216 911<\/p>\n<p>[\/et_pb_text][\/et_pb_column][et_pb_column type=\u00bb1_3&#8243;][et_pb_button admin_label=\u00bbEscaleras mec\u00e1nicas\u00bb _builder_version=\u00bb3.19.12&#8243; button_text=\u00bbEscaleras mec\u00e1nicas\u00bb button_alignment=\u00bbcenter\u00bb custom_css_main_element=\u00bbwidth: 100% !important;\u00bb custom_margin=\u00bb||4%|\u00bb button_url=\u00bb\/es\/instalacion-de-escaleras-mecanicas\/\u00bb \/][et_pb_button admin_label=\u00bbAndenes m\u00f3viles\u00bb _builder_version=\u00bb3.19.12&#8243; button_text=\u00bbAndenes m\u00f3viles\u00bb button_alignment=\u00bbcenter\u00bb custom_css_main_element=\u00bbwidth: 100% !important;\u00bb custom_margin=\u00bb||4%|\u00bb button_url=\u00bb\/es\/instalacion-de-andenes-moviles\/\u00bb \/][\/et_pb_column][\/et_pb_row][et_pb_row admin_label=\u00bbResponsive\u00bb _builder_version=\u00bb3.19.12&#8243; disabled_on=\u00bb||on\u00bb disabled=\u00bboff\u00bb collapsed=\u00bbon\u00bb][et_pb_column type=\u00bb1_3&#8243;][et_pb_image _builder_version=\u00bb3.19.12&#8243; src=\u00bbhttps:\/\/soler-wp.ixole.es\/wp-content\/uploads\/2019\/02\/iStock-855447570.jpg\u00bb \/][\/et_pb_column][et_pb_column type=\u00bb1_3&#8243;][et_pb_text _builder_version=\u00bb3.19.12&#8243;]<\/p>\n<p>Ascensors Soler realiza la<strong>\u00a0instalaci\u00f3n de escaleras mec\u00e1nicas y andenes m\u00f3viles\u00a0<\/strong>en todas partes de Catalu\u00f1a.<\/p>\n<p>Si desea puede ponerse en <a href=\"\/es\/contacto\/\">contacto<\/a> con nosotros o llamarnos al n\u00famero de tel\u00e9fono 902 195 694<\/p>\n<p>[\/et_pb_text][\/et_pb_column][et_pb_column type=\u00bb1_3&#8243;][et_pb_button admin_label=\u00bbEscaleras mec\u00e1nicas\u00bb _builder_version=\u00bb3.19.12&#8243; button_text=\u00bbEscaleras mec\u00e1nicas\u00bb button_alignment=\u00bbcenter\u00bb custom_css_main_element=\u00bbwidth: 100% !important;\u00bb custom_margin=\u00bb||4%|\u00bb button_url=\u00bb\/es\/instalacion-de-escaleras-mecanicas\/\u00bb \/][et_pb_button admin_label=\u00bbAndenes m\u00f3viles\u00bb _builder_version=\u00bb3.19.12&#8243; button_text=\u00bbAndenes m\u00f3viles\u00bb button_alignment=\u00bbcenter\u00bb custom_css_main_element=\u00bbwidth: 100% !important;\u00bb custom_margin=\u00bb||4%|\u00bb button_url=\u00bb\/es\/instalacion-de-andenes-moviles\/\u00bb \/][\/et_pb_column][\/et_pb_row][\/et_pb_section][et_pb_section bb_built=\u00bb1&#8243; specialty=\u00bboff\u00bb prev_background_color=\u00bb#ffffff\u00bb _builder_version=\u00bb3.17.6&#8243; background_color=\u00bb#f4f4f4&#8243;][et_pb_row _builder_version=\u00bb3.17.6&#8243;][et_pb_column type=\u00bb4_4&#8243;][et_pb_text _builder_version=\u00bb3.19.12&#8243; header_font=\u00bb|700||on|||||\u00bb header_font_size=\u00bb32px\u00bb header_text_color=\u00bb#1a3f74&#8243; header_2_text_color=\u00bb#1a3f74&#8243; header_2_font=\u00bb|700||on|||||\u00bb border_width_bottom=\u00bb2px\u00bb border_color_bottom=\u00bb#1a3f74&#8243; header_2_font_size=\u00bb22px\u00bb]<\/p>\n<h2 style=\"text-align: left;\">PROYECTOS REALIZADOS<\/h2>\n<p>[\/et_pb_text][\/et_pb_column][\/et_pb_row][et_pb_row][et_pb_column type=\u00bb4_4&#8243;][et_pb_portfolio _builder_version=\u00bb3.19.12&#8243; posts_number=\u00bb28&#8243; show_categories=\u00bboff\u00bb fullwidth=\u00bboff\u00bb zoom_icon_color=\u00bb#1a3f74&#8243; hover_overlay_color=\u00bbrgba(255,255,255,0.9)\u00bb include_categories=\u00bb96&#8243; title_font=\u00bb||on||||||\u00bb title_font_size=\u00bb17&#8243; title_line_height=\u00bb1.3em\u00bb \/][\/et_pb_column][\/et_pb_row][\/et_pb_section]<\/p>\n","protected":false},"excerpt":{"rendered":"<p>Instalaci\u00f3n de escaleras y andenes Ascensors Soler realiza la\u00a0instalaci\u00f3n de escaleras mec\u00e1nicas y andenes m\u00f3viles\u00a0en todas partes de Catalu\u00f1a.Si desea puede ponerse en contacto con nosotros o llamarnos al n\u00famero de tel\u00e9fono 934 216 911 Ascensors Soler realiza la\u00a0instalaci\u00f3n de escaleras mec\u00e1nicas y andenes m\u00f3viles\u00a0en todas partes de Catalu\u00f1a. Si desea puede ponerse en contacto [&hellip;]<\/p>\n","protected":false},"author":1,"featured_media":0,"parent":0,"menu_order":0,"comment_status":"closed","ping_status":"closed","template":"","meta":{"_et_pb_use_builder":"on","_et_pb_old_content":"","_et_gb_content_width":"","footnotes":""},"class_list":["post-5617","page","type-page","status-publish","hentry"],"_links":{"self":[{"href":"https:\/\/soler-wp.ixole.es\/es\/wp-json\/wp\/v2\/pages\/5617","targetHints":{"allow":["GET"]}}],"collection":[{"href":"https:\/\/soler-wp.ixole.es\/es\/wp-json\/wp\/v2\/pages"}],"about":[{"href":"https:\/\/soler-wp.ixole.es\/es\/wp-json\/wp\/v2\/types\/page"}],"author":[{"embeddable":true,"href":"https:\/\/soler-wp.ixole.es\/es\/wp-json\/wp\/v2\/users\/1"}],"replies":[{"embeddable":true,"href":"https:\/\/soler-wp.ixole.es\/es\/wp-json\/wp\/v2\/comments?post=5617"}],"version-history":[{"count":0,"href":"https:\/\/soler-wp.ixole.es\/es\/wp-json\/wp\/v2\/pages\/5617\/revisions"}],"wp:attachment":[{"href":"https:\/\/soler-wp.ixole.es\/es\/wp-json\/wp\/v2\/media?parent=5617"}],"curies":[{"name":"wp","href":"https:\/\/api.w.org\/{rel}","templated":true}]}}