{"id":5452,"date":"2019-02-18T12:24:26","date_gmt":"2019-02-18T11:24:26","guid":{"rendered":"https:\/\/soler-wp.ixole.es\/manteniment-multimarca\/"},"modified":"2026-01-12T14:23:18","modified_gmt":"2026-01-12T13:23:18","slug":"mantenimiento-multimarca","status":"publish","type":"page","link":"https:\/\/soler-wp.ixole.es\/es\/mantenimiento-multimarca\/","title":{"rendered":"Mantenimiento"},"content":{"rendered":"<p>[et_pb_section fb_built=\u00bb1&#8243; _builder_version=\u00bb4.16&#8243; custom_margin=\u00bb||0px|\u00bb custom_padding=\u00bb||0px|\u00bb global_colors_info=\u00bb{}\u00bb][et_pb_row _builder_version=\u00bb4.16&#8243; global_colors_info=\u00bb{}\u00bb][et_pb_column type=\u00bb4_4&#8243; _builder_version=\u00bb4.16&#8243; custom_padding=\u00bb|||\u00bb global_colors_info=\u00bb{}\u00bb custom_padding__hover=\u00bb|||\u00bb][et_pb_text _builder_version=\u00bb4.16&#8243; header_font=\u00bb|700||on|||||\u00bb header_text_color=\u00bb#1a3f74&#8243; header_font_size=\u00bb36px\u00bb global_colors_info=\u00bb{}\u00bb]<\/p>\n<h1 style=\"text-align: center;\">MANTENIMIENTO MULTIMARCA<\/h1>\n<p>[\/et_pb_text][\/et_pb_column][\/et_pb_row][et_pb_row column_structure=\u00bb1_5,3_5,1_5&#8243; _builder_version=\u00bb4.16&#8243; background_size=\u00bbinitial\u00bb background_position=\u00bbtop_left\u00bb background_repeat=\u00bbrepeat\u00bb global_colors_info=\u00bb{}\u00bb][et_pb_column type=\u00bb1_5&#8243; _builder_version=\u00bb4.16&#8243; custom_padding=\u00bb|||\u00bb global_colors_info=\u00bb{}\u00bb custom_padding__hover=\u00bb|||\u00bb][\/et_pb_column][et_pb_column type=\u00bb3_5&#8243; _builder_version=\u00bb4.16&#8243; custom_padding=\u00bb|||\u00bb global_colors_info=\u00bb{}\u00bb custom_padding__hover=\u00bb|||\u00bb][et_pb_text _builder_version=\u00bb4.24.0&#8243; global_colors_info=\u00bb{}\u00bb]<\/p>\n<p style=\"text-align: center;\">Ascensors Soler, gracias a su <strong>equipo t\u00e9cnico dedicado exclusivamente al mantenimiento<\/strong> y a su flota de veh\u00edculos equipada con todos los elementos necesarios, est\u00e1 capacitada para la <strong>conservaci\u00f3n y reparaci\u00f3n<\/strong> de todo tipo de <strong>Ascensores y<\/strong>\u00a0<strong>Plataformas<\/strong> de cualquier marca nacional y\/o internacional.<\/p>\n<p style=\"text-align: center;\">Contrate ahora seg\u00fan los <strong>planes de mantenimiento<\/strong> posibles:<\/p>\n<p>[\/et_pb_text][\/et_pb_column][et_pb_column type=\u00bb1_5&#8243; _builder_version=\u00bb4.16&#8243; custom_padding=\u00bb|||\u00bb global_colors_info=\u00bb{}\u00bb custom_padding__hover=\u00bb|||\u00bb][\/et_pb_column][\/et_pb_row][\/et_pb_section][et_pb_section fb_built=\u00bb1&#8243; disabled_on=\u00bboff|off|off\u00bb _builder_version=\u00bb4.16&#8243; custom_margin=\u00bb||0px|\u00bb custom_padding=\u00bb||0px|\u00bb global_colors_info=\u00bb{}\u00bb][et_pb_row column_structure=\u00bb1_3,1_3,1_3&#8243; use_custom_gutter=\u00bbon\u00bb gutter_width=\u00bb1&#8243; make_equal=\u00bbon\u00bb custom_padding_last_edited=\u00bboff|desktop\u00bb admin_label=\u00bbRow\u00bb module_class=\u00bbllistats et_pb_row_fullwidth\u00bb _builder_version=\u00bb4.16&#8243; width=\u00bb100%\u00bb width_tablet=\u00bb100%\u00bb width_phone=\u00bb100%\u00bb width_last_edited=\u00bbon|desktop\u00bb max_width=\u00bb100%\u00bb max_width_tablet=\u00bb100%\u00bb max_width_phone=\u00bb100%\u00bb max_width_last_edited=\u00bbon|desktop\u00bb custom_margin=\u00bb0px||0px|\u00bb custom_padding=\u00bb0px||0px|\u00bb make_fullwidth=\u00bbon\u00bb global_colors_info=\u00bb{}\u00bb][et_pb_column type=\u00bb1_3&#8243; _builder_version=\u00bb4.16&#8243; background_color=\u00bb#029bcf\u00bb custom_padding=\u00bb|3%|3%|3%\u00bb global_colors_info=\u00bb{}\u00bb custom_padding__hover=\u00bb|||\u00bb][et_pb_text admin_label=\u00bbText\u00bb _builder_version=\u00bb4.16&#8243; text_font=\u00bbSource Sans Pro|on|||\u00bb text_text_color=\u00bb#ffffff\u00bb text_font_size=\u00bb19&#8243; text_orientation=\u00bbcenter\u00bb custom_margin=\u00bb56px|||\u00bb use_border_color=\u00bboff\u00bb border_color=\u00bb#ffffff\u00bb border_style=\u00bbsolid\u00bb global_colors_info=\u00bb{}\u00bb]<\/p>\n<p>PLAN B\u00c1SICO DE ASCENSORES<\/p>\n<p>[\/et_pb_text][et_pb_text admin_label=\u00bbText\u00bb _builder_version=\u00bb4.27.4&#8243; text_font=\u00bbSource Sans Pro|on|||\u00bb text_text_color=\u00bb#ffffff\u00bb text_font_size=\u00bb18px\u00bb text_orientation=\u00bbcenter\u00bb custom_margin=\u00bb||24px|\u00bb use_border_color=\u00bboff\u00bb border_color=\u00bb#ffffff\u00bb border_style=\u00bbsolid\u00bb global_colors_info=\u00bb{}\u00bb]<\/p>\n<p>A partir de 2 paradas\/100 kg.<\/p>\n<p>[\/et_pb_text][et_pb_text admin_label=\u00bb33\u20ac\u00bb _builder_version=\u00bb4.27.4&#8243; text_font=\u00bbSource Sans Pro Light||||\u00bb text_text_color=\u00bb#ffffff\u00bb text_font_size=\u00bb80&#8243; text_orientation=\u00bbcenter\u00bb custom_margin=\u00bb||40px|\u00bb custom_padding=\u00bb40px|||\u00bb use_border_color=\u00bboff\u00bb border_color=\u00bb#ffffff\u00bb border_style=\u00bbsolid\u00bb global_colors_info=\u00bb{}\u00bb]<\/p>\n<p>44\u20ac<\/p>\n<p>[\/et_pb_text][et_pb_text admin_label=\u00bbText\u00bb _builder_version=\u00bb4.27.4&#8243; text_font=\u00bbSource Sans Pro||||\u00bb text_text_color=\u00bb#ffffff\u00bb text_orientation=\u00bbcenter\u00bb custom_margin=\u00bb||50px|\u00bb use_border_color=\u00bboff\u00bb border_color=\u00bb#ffffff\u00bb border_style=\u00bbsolid\u00bb global_colors_info=\u00bb{}\u00bb]<\/p>\n<p>AL MES + IVA<\/p>\n<p>[\/et_pb_text][et_pb_divider color=\u00bb#ffffff\u00bb admin_label=\u00bbDivider\u00bb _builder_version=\u00bb4.16&#8243; height=\u00bb30px\u00bb hide_on_mobile=\u00bboff\u00bb global_colors_info=\u00bb{}\u00bb][\/et_pb_divider][et_pb_text _builder_version=\u00bb4.27.4&#8243; text_text_color=\u00bb#ffffff\u00bb text_font_size=\u00bb14px\u00bb global_colors_info=\u00bb{}\u00bb]<\/p>\n<ul>\n<li>Revisi\u00f3n del ascensor con la periodicidad necesaria seg\u00fan normativa.<\/li>\n<li>Realizaci\u00f3n de trabajos preventivos y correctores.<\/li>\n<li>P\u00f3liza de responsabilidad civil de 3.000.000\u20ac.<\/li>\n<li>Rescate de personas atrapadas en la cabina 24 horas todos los d\u00edas del a\u00f1o.<\/li>\n<\/ul>\n<ul>\n<li>Opcional: Reparaci\u00f3n de lunes a viernes (excepto festivos).<\/li>\n<li>Opcional: Reparaci\u00f3n en festivos y fines de semana.<\/li>\n<\/ul>\n<ul>\n<li><strong>Alquiler terminal Gsm (no incluido): 10,00\u20ac\/mes + IVA<\/strong><\/li>\n<\/ul>\n<p>&nbsp;<\/p>\n<p>[\/et_pb_text][\/et_pb_column][et_pb_column type=\u00bb1_3&#8243; _builder_version=\u00bb4.16&#8243; background_color=\u00bb#7c756b\u00bb custom_padding=\u00bb|3%|3%|3%\u00bb global_colors_info=\u00bb{}\u00bb custom_padding__hover=\u00bb|||\u00bb][et_pb_text admin_label=\u00bbText\u00bb _builder_version=\u00bb4.16&#8243; text_font=\u00bbSource Sans Pro|on|||\u00bb text_text_color=\u00bb#ffffff\u00bb text_font_size=\u00bb19&#8243; text_orientation=\u00bbcenter\u00bb custom_margin=\u00bb56px|||\u00bb use_border_color=\u00bboff\u00bb border_color=\u00bb#ffffff\u00bb border_style=\u00bbsolid\u00bb global_colors_info=\u00bb{}\u00bb]<\/p>\n<p>PLAN ORDINARIO DE ASCENSORES<\/p>\n<p>[\/et_pb_text][et_pb_text admin_label=\u00bbText\u00bb _builder_version=\u00bb4.27.4&#8243; text_font=\u00bbSource Sans Pro|on|||\u00bb text_text_color=\u00bb#ffffff\u00bb text_font_size=\u00bb18px\u00bb text_orientation=\u00bbcenter\u00bb custom_margin=\u00bb||24px|\u00bb use_border_color=\u00bboff\u00bb border_color=\u00bb#ffffff\u00bb border_style=\u00bbsolid\u00bb global_colors_info=\u00bb{}\u00bb]<\/p>\n<p>A partir de 2 paradas\/100 kg.<\/p>\n<p>[\/et_pb_text][et_pb_text admin_label=\u00bb55\u20ac\u00bb _builder_version=\u00bb4.27.4&#8243; text_font=\u00bbSource Sans Pro Light||||\u00bb text_text_color=\u00bb#ffffff\u00bb text_font_size=\u00bb80&#8243; text_orientation=\u00bbcenter\u00bb custom_margin=\u00bb||40px|\u00bb custom_padding=\u00bb40px|||\u00bb use_border_color=\u00bboff\u00bb border_color=\u00bb#ffffff\u00bb border_style=\u00bbsolid\u00bb global_colors_info=\u00bb{}\u00bb]<\/p>\n<p>66\u20ac<\/p>\n<p>[\/et_pb_text][et_pb_text admin_label=\u00bbText\u00bb _builder_version=\u00bb4.27.4&#8243; text_font=\u00bbSource Sans Pro||||\u00bb text_text_color=\u00bb#ffffff\u00bb text_orientation=\u00bbcenter\u00bb custom_margin=\u00bb||50px|\u00bb use_border_color=\u00bboff\u00bb border_color=\u00bb#ffffff\u00bb border_style=\u00bbsolid\u00bb global_colors_info=\u00bb{}\u00bb]<\/p>\n<p>AL MES + IVA<\/p>\n<p>[\/et_pb_text][et_pb_divider color=\u00bb#ffffff\u00bb admin_label=\u00bbDivider\u00bb _builder_version=\u00bb4.16&#8243; height=\u00bb30px\u00bb hide_on_mobile=\u00bboff\u00bb global_colors_info=\u00bb{}\u00bb][\/et_pb_divider][et_pb_text _builder_version=\u00bb4.27.4&#8243; text_text_color=\u00bb#ffffff\u00bb text_font_size=\u00bb14px\u00bb global_colors_info=\u00bb{}\u00bb]<\/p>\n<ul>\n<li>Revisi\u00f3n del ascensor con la periodicidad necesaria seg\u00fan normativa.<\/li>\n<li>Realizaci\u00f3n de trabajos preventivos y correctores.<\/li>\n<li>P\u00f3liza de responsabilidad civil de 3.000.000\u20ac.<\/li>\n<li>Reparaci\u00f3n del ascensor de lunes a domingo en horario laboral.<\/li>\n<li>Rescate de personas atrapadas en la cabina 24 horas todos los d\u00edas del a\u00f1o.<\/li>\n<\/ul>\n<ul>\n<li><strong>Alquiler terminal Gsm (no incluido): 10,00\u20ac\/mes + IVA<\/strong><\/li>\n<\/ul>\n<p>[\/et_pb_text][\/et_pb_column][et_pb_column type=\u00bb1_3&#8243; _builder_version=\u00bb4.16&#8243; background_color=\u00bb#033f78&#8243; custom_padding=\u00bb|3%|3%|3%\u00bb global_colors_info=\u00bb{}\u00bb custom_padding__hover=\u00bb|||\u00bb][et_pb_text admin_label=\u00bbText\u00bb _builder_version=\u00bb4.16&#8243; text_font=\u00bbSource Sans Pro|on|||\u00bb text_text_color=\u00bb#ffffff\u00bb text_font_size=\u00bb19&#8243; text_orientation=\u00bbcenter\u00bb custom_margin=\u00bb56px|||\u00bb use_border_color=\u00bboff\u00bb border_color=\u00bb#ffffff\u00bb border_style=\u00bbsolid\u00bb global_colors_info=\u00bb{}\u00bb]<\/p>\n<p>PLAN SUPERIOR DE ASCENSORES<\/p>\n<p>[\/et_pb_text][et_pb_text admin_label=\u00bbText\u00bb _builder_version=\u00bb4.27.4&#8243; text_font=\u00bbSource Sans Pro|on|||\u00bb text_text_color=\u00bb#ffffff\u00bb text_font_size=\u00bb18px\u00bb text_orientation=\u00bbcenter\u00bb custom_margin=\u00bb||24px|\u00bb use_border_color=\u00bboff\u00bb border_color=\u00bb#ffffff\u00bb border_style=\u00bbsolid\u00bb global_colors_info=\u00bb{}\u00bb]<\/p>\n<p>A partir de 2 paradas\/100 kg.<\/p>\n<p>[\/et_pb_text][et_pb_text admin_label=\u00bb99\u20ac\u00bb _builder_version=\u00bb4.27.4&#8243; text_font=\u00bbSource Sans Pro Light||||\u00bb text_text_color=\u00bb#ffffff\u00bb text_font_size=\u00bb80&#8243; text_orientation=\u00bbcenter\u00bb custom_margin=\u00bb||40px|\u00bb custom_padding=\u00bb40px|||\u00bb use_border_color=\u00bboff\u00bb border_color=\u00bb#ffffff\u00bb border_style=\u00bbsolid\u00bb global_colors_info=\u00bb{}\u00bb]<\/p>\n<p>111\u20ac<\/p>\n<p>[\/et_pb_text][et_pb_text admin_label=\u00bbText\u00bb _builder_version=\u00bb4.27.4&#8243; text_font=\u00bbSource Sans Pro||||\u00bb text_text_color=\u00bb#ffffff\u00bb text_orientation=\u00bbcenter\u00bb custom_margin=\u00bb||50px|\u00bb use_border_color=\u00bboff\u00bb border_color=\u00bb#ffffff\u00bb border_style=\u00bbsolid\u00bb global_colors_info=\u00bb{}\u00bb]<\/p>\n<p>AL MES + IVA<\/p>\n<p>[\/et_pb_text][et_pb_divider color=\u00bb#ffffff\u00bb admin_label=\u00bbDivider\u00bb _builder_version=\u00bb4.16&#8243; height=\u00bb30px\u00bb hide_on_mobile=\u00bboff\u00bb global_colors_info=\u00bb{}\u00bb][\/et_pb_divider][et_pb_text _builder_version=\u00bb4.27.4&#8243; text_text_color=\u00bb#ffffff\u00bb text_font_size=\u00bb14px\u00bb hover_enabled=\u00bb0&#8243; global_colors_info=\u00bb{}\u00bb sticky_enabled=\u00bb0&#8243;]<\/p>\n<ul>\n<li><strong>Exclusivo para ascensores nuevos instalados por Ascensors Soler.<\/strong><\/li>\n<\/ul>\n<ul>\n<li>Revisi\u00f3n del ascensor con la periodicidad necesaria seg\u00fan normativa.<\/li>\n<li>Realizaci\u00f3n de trabajos preventivos y correctores.<\/li>\n<li>Sustituci\u00f3n de piezas para mantener en servicio la instalaci\u00f3n durante la vida \u00fatil de los elementos principales.<\/li>\n<li>P\u00f3liza de responsabilidad civil de 3.000.000\u20ac.<\/li>\n<li>Reparaci\u00f3n del ascensor de lunes a domingo en horario laboral.<\/li>\n<li>Rescate de personas atrapadas en la cabina 24 horas todos los d\u00edas del a\u00f1o.<\/li>\n<\/ul>\n<ul>\n<li><strong>Alquiler terminal Gsm (no incluido): 10,00\u20ac\/mes + IVA<\/strong><\/li>\n<\/ul>\n<p>[\/et_pb_text][\/et_pb_column][\/et_pb_row][\/et_pb_section][et_pb_section fb_built=\u00bb1&#8243; disabled_on=\u00bbon|on|on\u00bb _builder_version=\u00bb4.16&#8243; disabled=\u00bbon\u00bb global_colors_info=\u00bb{}\u00bb][et_pb_row column_structure=\u00bb1_2,1_2&#8243; use_custom_gutter=\u00bbon\u00bb gutter_width=\u00bb1&#8243; make_equal=\u00bbon\u00bb custom_padding_last_edited=\u00bboff|desktop\u00bb admin_label=\u00bbRow\u00bb module_class=\u00bbhoverSections et_pb_row_fullwidth\u00bb _builder_version=\u00bb4.16&#8243; width=\u00bb100%\u00bb width_tablet=\u00bb100%\u00bb width_phone=\u00bb100%\u00bb width_last_edited=\u00bbon|desktop\u00bb max_width=\u00bb100%\u00bb max_width_tablet=\u00bb100%\u00bb max_width_phone=\u00bb100%\u00bb max_width_last_edited=\u00bbon|desktop\u00bb custom_margin=\u00bb0px||0px|\u00bb custom_padding=\u00bb0px||0px|\u00bb make_fullwidth=\u00bbon\u00bb global_colors_info=\u00bb{}\u00bb][et_pb_column type=\u00bb1_2&#8243; _builder_version=\u00bb4.16&#8243; background_color=\u00bb#029bcf\u00bb custom_padding=\u00bb|2%|2%|2%\u00bb global_colors_info=\u00bb{}\u00bb custom_padding__hover=\u00bb|||\u00bb][et_pb_text admin_label=\u00bbText\u00bb _builder_version=\u00bb4.24.0&#8243; text_font=\u00bbSource Sans Pro|on|||\u00bb text_text_color=\u00bb#ffffff\u00bb text_font_size=\u00bb19&#8243; text_orientation=\u00bbcenter\u00bb custom_margin=\u00bb56px|||\u00bb use_border_color=\u00bboff\u00bb border_color=\u00bb#ffffff\u00bb border_style=\u00bbsolid\u00bb global_colors_info=\u00bb{}\u00bb]<\/p>\n<p>PLAN B\u00c1SICO DE ASCENSORES<\/p>\n<p>[\/et_pb_text][et_pb_text admin_label=\u00bbText\u00bb _builder_version=\u00bb4.16&#8243; text_font=\u00bbSource Sans Pro|on|||\u00bb text_text_color=\u00bb#ffffff\u00bb text_font_size=\u00bb18px\u00bb text_orientation=\u00bbcenter\u00bb custom_margin=\u00bb||24px|\u00bb use_border_color=\u00bboff\u00bb border_color=\u00bb#ffffff\u00bb border_style=\u00bbsolid\u00bb global_colors_info=\u00bb{}\u00bb]<\/p>\n<p>A partir de<\/p>\n<p>[\/et_pb_text][et_pb_text admin_label=\u00bb33\u20ac\u00bb _builder_version=\u00bb4.16&#8243; text_font=\u00bbSource Sans Pro Light||||\u00bb text_text_color=\u00bb#ffffff\u00bb text_font_size=\u00bb80&#8243; text_orientation=\u00bbcenter\u00bb custom_margin=\u00bb||40px|\u00bb custom_padding=\u00bb40px|||\u00bb use_border_color=\u00bboff\u00bb border_color=\u00bb#ffffff\u00bb border_style=\u00bbsolid\u00bb global_colors_info=\u00bb{}\u00bb]<\/p>\n<p>33\u20ac<\/p>\n<p>[\/et_pb_text][et_pb_text admin_label=\u00bbText\u00bb _builder_version=\u00bb4.16&#8243; text_font=\u00bbSource Sans Pro||||\u00bb text_text_color=\u00bb#ffffff\u00bb text_orientation=\u00bbcenter\u00bb custom_margin=\u00bb||38px|\u00bb use_border_color=\u00bboff\u00bb border_color=\u00bb#ffffff\u00bb border_style=\u00bbsolid\u00bb global_colors_info=\u00bb{}\u00bb]<\/p>\n<p>\nAL MES +IVA<\/p>\n<p>[\/et_pb_text][et_pb_divider show_divider=\u00bboff\u00bb admin_label=\u00bbDivider\u00bb _builder_version=\u00bb4.16&#8243; height=\u00bb30px\u00bb hide_on_mobile=\u00bboff\u00bb global_colors_info=\u00bb{}\u00bb][\/et_pb_divider][et_pb_text _builder_version=\u00bb4.16&#8243; global_colors_info=\u00bb{}\u00bb]<\/p>\n<ul>\n<li>Revisi\u00f3 de l\u2019ascensor amb la periodicitat necess\u00e0ria segons normativa.<\/li>\n<li>Realitzaci\u00f3 de feines preventives i correctores.<\/li>\n<li>P\u00f2lissa de responsabilitat civil de 3.000.000 \u20ac<\/li>\n<li>Rescat de persones atrapades a la cabina 24 hores tots els dies de l&#8217;any.<\/li>\n<\/ul>\n<ul>\n<li>Opcional: Reparaci\u00f3 de dilluns a divendres (excepte festius)\u00a0<\/li>\n<li>Opcional: Reparaci\u00f3 en festius i caps de setmana<\/li>\n<\/ul>\n<p>[\/et_pb_text][\/et_pb_column][et_pb_column type=\u00bb1_2&#8243; _builder_version=\u00bb4.16&#8243; background_color=\u00bb#7c756b\u00bb custom_padding=\u00bb|2%|2%|2%\u00bb global_colors_info=\u00bb{}\u00bb custom_padding__hover=\u00bb|||\u00bb][et_pb_text admin_label=\u00bbText\u00bb _builder_version=\u00bb4.24.0&#8243; text_font=\u00bbSource Sans Pro|on|||\u00bb text_text_color=\u00bb#ffffff\u00bb text_font_size=\u00bb19&#8243; text_orientation=\u00bbcenter\u00bb custom_margin=\u00bb56px|||\u00bb use_border_color=\u00bboff\u00bb border_color=\u00bb#ffffff\u00bb border_style=\u00bbsolid\u00bb global_colors_info=\u00bb{}\u00bb]<\/p>\n<p>PLAN ORDINARIO DE ASCENSORES<\/p>\n<p>[\/et_pb_text][et_pb_text admin_label=\u00bbText\u00bb _builder_version=\u00bb4.16&#8243; text_font=\u00bbSource Sans Pro|on|||\u00bb text_text_color=\u00bb#ffffff\u00bb text_font_size=\u00bb18px\u00bb text_orientation=\u00bbcenter\u00bb custom_margin=\u00bb||24px|\u00bb use_border_color=\u00bboff\u00bb border_color=\u00bb#ffffff\u00bb border_style=\u00bbsolid\u00bb global_colors_info=\u00bb{}\u00bb]<\/p>\n<p>A partir de<\/p>\n<p>[\/et_pb_text][et_pb_text admin_label=\u00bb66\u20ac\u00bb _builder_version=\u00bb4.16&#8243; text_font=\u00bbSource Sans Pro Light||||\u00bb text_text_color=\u00bb#ffffff\u00bb text_font_size=\u00bb80&#8243; text_orientation=\u00bbcenter\u00bb custom_margin=\u00bb||40px|\u00bb custom_padding=\u00bb40px|||\u00bb use_border_color=\u00bboff\u00bb border_color=\u00bb#ffffff\u00bb border_style=\u00bbsolid\u00bb global_colors_info=\u00bb{}\u00bb]<\/p>\n<p>66\u20ac<\/p>\n<p>[\/et_pb_text][et_pb_text admin_label=\u00bbText\u00bb _builder_version=\u00bb4.16&#8243; text_font=\u00bbSource Sans Pro||||\u00bb text_text_color=\u00bb#ffffff\u00bb text_orientation=\u00bbcenter\u00bb custom_margin=\u00bb||38px|\u00bb use_border_color=\u00bboff\u00bb border_color=\u00bb#ffffff\u00bb border_style=\u00bbsolid\u00bb global_colors_info=\u00bb{}\u00bb]<\/p>\n<p>\nAL MES +IVA<\/p>\n<p>[\/et_pb_text][et_pb_divider show_divider=\u00bboff\u00bb admin_label=\u00bbDivider\u00bb _builder_version=\u00bb4.16&#8243; height=\u00bb30px\u00bb hide_on_mobile=\u00bboff\u00bb global_colors_info=\u00bb{}\u00bb][\/et_pb_divider][\/et_pb_column][\/et_pb_row][et_pb_row column_structure=\u00bb1_2,1_2&#8243; use_custom_gutter=\u00bbon\u00bb gutter_width=\u00bb1&#8243; make_equal=\u00bbon\u00bb custom_padding_last_edited=\u00bboff|desktop\u00bb admin_label=\u00bbRow\u00bb module_class=\u00bbhoverSections et_pb_row_fullwidth\u00bb _builder_version=\u00bb4.16&#8243; width=\u00bb100%\u00bb width_tablet=\u00bb100%\u00bb width_phone=\u00bb100%\u00bb width_last_edited=\u00bbon|desktop\u00bb max_width=\u00bb100%\u00bb max_width_tablet=\u00bb100%\u00bb max_width_phone=\u00bb100%\u00bb max_width_last_edited=\u00bbon|desktop\u00bb custom_margin=\u00bb0px|||\u00bb custom_padding=\u00bb0px|||\u00bb make_fullwidth=\u00bbon\u00bb global_colors_info=\u00bb{}\u00bb][et_pb_column type=\u00bb1_2&#8243; _builder_version=\u00bb4.16&#8243; background_color=\u00bb#033f78&#8243; custom_padding=\u00bb|2%|2%|2%\u00bb global_colors_info=\u00bb{}\u00bb custom_padding__hover=\u00bb|||\u00bb][et_pb_text admin_label=\u00bbText\u00bb _builder_version=\u00bb4.24.0&#8243; text_font=\u00bbSource Sans Pro|on|||\u00bb text_text_color=\u00bb#ffffff\u00bb text_font_size=\u00bb19&#8243; text_orientation=\u00bbcenter\u00bb custom_margin=\u00bb56px|||\u00bb use_border_color=\u00bboff\u00bb border_color=\u00bb#ffffff\u00bb border_style=\u00bbsolid\u00bb global_colors_info=\u00bb{}\u00bb]<\/p>\n<p>PLAN SUPERIOR DE ASCENSORES<\/p>\n<p>[\/et_pb_text][et_pb_text admin_label=\u00bbText\u00bb _builder_version=\u00bb4.16&#8243; text_font=\u00bbSource Sans Pro|on|||\u00bb text_text_color=\u00bb#ffffff\u00bb text_font_size=\u00bb18px\u00bb text_orientation=\u00bbcenter\u00bb custom_margin=\u00bb||24px|\u00bb use_border_color=\u00bboff\u00bb border_color=\u00bb#ffffff\u00bb border_style=\u00bbsolid\u00bb global_colors_info=\u00bb{}\u00bb]<\/p>\n<p>A partir de<\/p>\n<p>[\/et_pb_text][et_pb_text admin_label=\u00bb99\u20ac\u00bb _builder_version=\u00bb4.16&#8243; text_font=\u00bbSource Sans Pro Light||||\u00bb text_text_color=\u00bb#ffffff\u00bb text_font_size=\u00bb80&#8243; text_orientation=\u00bbcenter\u00bb custom_margin=\u00bb||40px|\u00bb custom_padding=\u00bb40px|||\u00bb use_border_color=\u00bboff\u00bb border_color=\u00bb#ffffff\u00bb border_style=\u00bbsolid\u00bb global_colors_info=\u00bb{}\u00bb]<\/p>\n<p>99\u20ac<\/p>\n<p>[\/et_pb_text][et_pb_text admin_label=\u00bbText\u00bb _builder_version=\u00bb4.16&#8243; text_font=\u00bbSource Sans Pro||||\u00bb text_text_color=\u00bb#ffffff\u00bb text_orientation=\u00bbcenter\u00bb custom_margin=\u00bb||38px|\u00bb use_border_color=\u00bboff\u00bb border_color=\u00bb#ffffff\u00bb border_style=\u00bbsolid\u00bb global_colors_info=\u00bb{}\u00bb]<\/p>\n<p>\nAL MES +IVA<\/p>\n<p>[\/et_pb_text][et_pb_divider show_divider=\u00bboff\u00bb admin_label=\u00bbDivider\u00bb _builder_version=\u00bb4.16&#8243; height=\u00bb30px\u00bb hide_on_mobile=\u00bboff\u00bb global_colors_info=\u00bb{}\u00bb][\/et_pb_divider][\/et_pb_column][et_pb_column type=\u00bb1_2&#8243; _builder_version=\u00bb4.16&#8243; background_color=\u00bb#c4bbb0&#8243; custom_padding=\u00bb|2%|2%|2%\u00bb global_colors_info=\u00bb{}\u00bb custom_padding__hover=\u00bb|||\u00bb][\/et_pb_column][\/et_pb_row][\/et_pb_section]<\/p>\n","protected":false},"excerpt":{"rendered":"<p>MANTENIMIENTO MULTIMARCA Ascensors Soler, gracias a su equipo t\u00e9cnico dedicado exclusivamente al mantenimiento y a su flota de veh\u00edculos equipada con todos los elementos necesarios, est\u00e1 capacitada para la conservaci\u00f3n y reparaci\u00f3n de todo tipo de Ascensores y\u00a0Plataformas de cualquier marca nacional y\/o internacional. Contrate ahora seg\u00fan los planes de mantenimiento posibles:PLAN B\u00c1SICO DE ASCENSORES [&hellip;]<\/p>\n","protected":false},"author":1,"featured_media":0,"parent":0,"menu_order":0,"comment_status":"closed","ping_status":"closed","template":"","meta":{"_et_pb_use_builder":"on","_et_pb_old_content":"","_et_gb_content_width":"","footnotes":""},"class_list":["post-5452","page","type-page","status-publish","hentry"],"_links":{"self":[{"href":"https:\/\/soler-wp.ixole.es\/es\/wp-json\/wp\/v2\/pages\/5452","targetHints":{"allow":["GET"]}}],"collection":[{"href":"https:\/\/soler-wp.ixole.es\/es\/wp-json\/wp\/v2\/pages"}],"about":[{"href":"https:\/\/soler-wp.ixole.es\/es\/wp-json\/wp\/v2\/types\/page"}],"author":[{"embeddable":true,"href":"https:\/\/soler-wp.ixole.es\/es\/wp-json\/wp\/v2\/users\/1"}],"replies":[{"embeddable":true,"href":"https:\/\/soler-wp.ixole.es\/es\/wp-json\/wp\/v2\/comments?post=5452"}],"version-history":[{"count":7,"href":"https:\/\/soler-wp.ixole.es\/es\/wp-json\/wp\/v2\/pages\/5452\/revisions"}],"predecessor-version":[{"id":7846,"href":"https:\/\/soler-wp.ixole.es\/es\/wp-json\/wp\/v2\/pages\/5452\/revisions\/7846"}],"wp:attachment":[{"href":"https:\/\/soler-wp.ixole.es\/es\/wp-json\/wp\/v2\/media?parent=5452"}],"curies":[{"name":"wp","href":"https:\/\/api.w.org\/{rel}","templated":true}]}}