{"id":5431,"date":"2019-02-18T01:42:58","date_gmt":"2019-02-18T00:42:58","guid":{"rendered":"https:\/\/soler-wp.ixole.es\/contacte\/"},"modified":"2019-11-12T16:20:19","modified_gmt":"2019-11-12T15:20:19","slug":"contacto","status":"publish","type":"page","link":"https:\/\/soler-wp.ixole.es\/es\/contacto\/","title":{"rendered":"Contacto"},"content":{"rendered":"<p>[et_pb_section bb_built=\u00bb1&#8243;][et_pb_row _builder_version=\u00bb3.17.6&#8243;][et_pb_column type=\u00bb4_4&#8243;][et_pb_text _builder_version=\u00bb3.19.12&#8243; header_font=\u00bb|700||on|||||\u00bb header_font_size=\u00bb36px\u00bb header_text_color=\u00bb#1a3f74&#8243;]<\/p>\n<h1 style=\"text-align: center;\">CONTACTO<\/h1>\n<p>[\/et_pb_text][\/et_pb_column][\/et_pb_row][et_pb_row][et_pb_column type=\u00bb1_2&#8243;][et_pb_code _builder_version=\u00bb3.19.12&#8243;]\n<div class=\"wpcf7 no-js\" id=\"wpcf7-f5448-o1\" lang=\"es-ES\" dir=\"ltr\" data-wpcf7-id=\"5448\">\n<div class=\"screen-reader-response\"><p role=\"status\" aria-live=\"polite\" aria-atomic=\"true\"><\/p> <ul><\/ul><\/div>\n<form action=\"\/es\/wp-json\/wp\/v2\/pages\/5431#wpcf7-f5448-o1\" method=\"post\" class=\"wpcf7-form init\" aria-label=\"Formulario de contacto\" novalidate=\"novalidate\" data-status=\"init\">\n<fieldset class=\"hidden-fields-container\"><input type=\"hidden\" name=\"_wpcf7\" value=\"5448\" \/><input type=\"hidden\" name=\"_wpcf7_version\" value=\"6.1.4\" \/><input type=\"hidden\" name=\"_wpcf7_locale\" value=\"es_ES\" \/><input type=\"hidden\" name=\"_wpcf7_unit_tag\" value=\"wpcf7-f5448-o1\" \/><input type=\"hidden\" name=\"_wpcf7_container_post\" value=\"0\" \/><input type=\"hidden\" name=\"_wpcf7_posted_data_hash\" value=\"\" \/>\n<\/fieldset>\n<p><span class=\"wpcf7-form-control-wrap\" data-name=\"your-name\"><input size=\"40\" maxlength=\"400\" class=\"wpcf7-form-control wpcf7-text wpcf7-validates-as-required\" aria-required=\"true\" aria-invalid=\"false\" placeholder=\"Nombre (requerido)\" value=\"\" type=\"text\" name=\"your-name\" \/><\/span>\n<\/p>\n<div>\n\t<p><span id=\"wpcf7-69fdfc9e38415-wrapper\" class=\"wpcf7-form-control-wrap your-lastname-wrap\" style=\"display:none !important; visibility:hidden !important;\"><label for=\"wpcf7-69fdfc9e38415-field\" class=\"hp-message\">Por favor, deja este campo vac\u00edo.<\/label><input id=\"wpcf7-69fdfc9e38415-field\"  class=\"wpcf7-form-control wpcf7-text\" type=\"text\" name=\"your-lastname\" value=\"\" size=\"40\" tabindex=\"-1\" autocomplete=\"new-password\" \/><\/span>\n\t<\/p>\n<\/div>\n<p><span class=\"wpcf7-form-control-wrap\" data-name=\"your-email\"><input size=\"40\" maxlength=\"400\" class=\"wpcf7-form-control wpcf7-email wpcf7-validates-as-required wpcf7-text wpcf7-validates-as-email\" aria-required=\"true\" aria-invalid=\"false\" placeholder=\"E-mail (requerido)\" value=\"\" type=\"email\" name=\"your-email\" \/><\/span>\n<\/p>\n<p><span class=\"wpcf7-form-control-wrap\" data-name=\"your-phone\"><input size=\"40\" maxlength=\"400\" class=\"wpcf7-form-control wpcf7-text wpcf7-validates-as-required\" aria-required=\"true\" aria-invalid=\"false\" placeholder=\"Tel\u00e9fono (requerido)\" value=\"\" type=\"text\" name=\"your-phone\" \/><\/span>\n<\/p>\n<p><span class=\"wpcf7-form-control-wrap\" data-name=\"poblacio\"><input size=\"40\" maxlength=\"400\" class=\"wpcf7-form-control wpcf7-text wpcf7-validates-as-required\" aria-required=\"true\" aria-invalid=\"false\" placeholder=\"Poblaci\u00f3n (requerido)\" value=\"\" type=\"text\" name=\"poblacio\" \/><\/span>\n<\/p>\n<p><span class=\"wpcf7-form-control-wrap\" data-name=\"direccio\"><input size=\"40\" maxlength=\"400\" class=\"wpcf7-form-control wpcf7-text\" aria-invalid=\"false\" placeholder=\"Direcci\u00f3n\" value=\"\" type=\"text\" name=\"direccio\" \/><\/span>\n<\/p>\n<p>Tipo de consulta (Requerido):\n<\/p>\n<p><span class=\"wpcf7-form-control-wrap\" data-name=\"radio-787\"><span class=\"wpcf7-form-control wpcf7-radio\"><span class=\"wpcf7-list-item first\"><label><input type=\"radio\" name=\"radio-787\" value=\"Mantenimiento\" \/><span class=\"wpcf7-list-item-label\">Mantenimiento<\/span><\/label><\/span><span class=\"wpcf7-list-item last\"><label><input type=\"radio\" name=\"radio-787\" value=\"Instalaci\u00f3n\" \/><span class=\"wpcf7-list-item-label\">Instalaci\u00f3n<\/span><\/label><\/span><\/span><\/span>\n<\/p>\n<p><span class=\"wpcf7-form-control-wrap\" data-name=\"your-message\"><textarea cols=\"40\" rows=\"10\" maxlength=\"2000\" class=\"wpcf7-form-control wpcf7-textarea\" aria-invalid=\"false\" placeholder=\"Mensaje\" name=\"your-message\"><\/textarea><\/span>\n<\/p>\n<div class=\"Politica-Privacidad\">\n\t<p><span class=\"wpcf7-form-control-wrap\" data-name=\"PoliticaPrivacidad\"><span class=\"wpcf7-form-control wpcf7-checkbox wpcf7-validates-as-required\"><span class=\"wpcf7-list-item first last\"><input type=\"checkbox\" name=\"PoliticaPrivacidad[]\" value=\"He le\u00eddo y acepto Pol\u00edtica de Privacidad\" \/><span class=\"wpcf7-list-item-label\">He le\u00eddo y acepto Pol\u00edtica de Privacidad<\/span><\/span><\/span><\/span><a href=\"\/es\/politica-de-privacidad\/\">- M\u00e1s informaci\u00f3n<\/a>\n\t<\/p>\n<\/div>\n<div class=\"Politica-Privacidad\">\n\t<p><span class=\"wpcf7-form-control-wrap\" data-name=\"AutorizaComunicacion\"><span class=\"wpcf7-form-control wpcf7-checkbox\"><span class=\"wpcf7-list-item first last\"><input type=\"checkbox\" name=\"AutorizaComunicacion[]\" value=\"Autorizo el env\u00edo de comunicaciones por medios electr\u00f3nicos relativas a las actividades, productos o servicios\" \/><span class=\"wpcf7-list-item-label\">Autorizo el env\u00edo de comunicaciones por medios electr\u00f3nicos relativas a las actividades, productos o servicios<\/span><\/span><\/span><\/span>\n\t<\/p>\n<\/div>\n<p><input class=\"wpcf7-form-control wpcf7-submit has-spinner\" type=\"submit\" value=\"Enviar\" \/>\n<\/p>\n<p class=\"gpdr\"><b>Responsable:<\/b> ASCENSORS SOLER S.A. | <b>Finalidad principal:<\/b> Gestionar la relaci\u00f3n contractual que nos une. Gestionar el env\u00edo de la informaci\u00f3n\/ dudas \/ consultas que nos solicita a trav\u00e9s de los formularios Web, email o cualquier medio disponible\/ gesti\u00f3n de la candidatura\/ gestionar el env\u00edo de informaci\u00f3n y prospecci\u00f3n comercial | <b>Legitimaci\u00f3n:<\/b> consentimiento del interesado \/ ejecuci\u00f3n contractual o precontractual | <b>Destinatarios:<\/b> no se ceder\u00e1n datos a terceros, salvo autorizaci\u00f3n expresa u obligaci\u00f3n legal | <b>Derechos:<\/b> acceder, rectificar y suprimir los datos, portabilidad de los datos, limitaci\u00f3n u oposici\u00f3n a su tratamiento, transparencia y derecho a no ser objeto de decisiones automatizadas. | <b>Informaci\u00f3n adicional:<\/b> puede consultar la informaci\u00f3n adicional y detallada sobre nuestra pol\u00edtica de privacidad en <a href=\"https:\/\/soler-wp.ixole.es\/pagina-advertencia\/politica-de-privacitat\">https:\/\/soler-wp.ixole.es\/pagina-advertencia\/politica-de-privacitat<\/a>\n<\/p><input type='hidden' class='wpcf7-pum' value='{\"closepopup\":false,\"closedelay\":0,\"openpopup\":false,\"openpopup_id\":0}' \/><div class=\"wpcf7-response-output\" aria-hidden=\"true\"><\/div>\n<\/form>\n<\/div>\n[\/et_pb_code][\/et_pb_column][et_pb_column type=\u00bb1_2&#8243;][et_pb_map_extended admin_label=\u00bbmapa\u00bb zoom_level=\u00bb8&#8243; address_lat=\u00bb41.90015976345402&#8243; address_lng=\u00bb1.9147943447916127&#8243; map_type_control_style=\u00bbDROPDOWN_MENU\u00bb marker_center=\u00bboff\u00bb bounce_on_click_on_off=\u00bboff\u00bb marker_animation=\u00bbon\u00bb marker_label_bg=\u00bbrgba(80,80,80,0.9)\u00bb marker_clustering_pulse_color=\u00bbrgba(0,140,255,0.4)\u00bb marker_cluster_border_color=\u00bb#ffffff\u00bb map_options=\u00bb4&#8243; map_custom_code=\u00bb%91 {<br \/>\n%22featureType%22: %22administrative.country%22,<br \/>\n%22elementType%22: %22geometry.stroke%22,<br \/>\n%22stylers%22: %91 {<br \/>\n%22color%22: %22#f4f4f4%22<br \/>\n}<br \/>\n%93<br \/>\n}, {<br \/>\n%22featureType%22: %22administrative.country%22,<br \/>\n%22elementType%22: %22labels.text.fill%22,<br \/>\n%22stylers%22: %91 {<br \/>\n%22color%22: %22#f4f4f4%22<br \/>\n}<br \/>\n%93<br \/>\n}, {<br \/>\n%22featureType%22: %22administrative.country%22,<br \/>\n%22elementType%22: %22labels.text.stroke%22,<br \/>\n%22stylers%22: %91 {<br \/>\n%22color%22: %22#7a756d%22<br \/>\n}<br \/>\n%93<br \/>\n}, {<br \/>\n%22featureType%22: %22administrative.land_parcel%22,<br \/>\n%22elementType%22: %22geometry.stroke%22,<br \/>\n%22stylers%22: %91 {<br \/>\n%22color%22: %22#f4f4f4%22<br \/>\n}<br \/>\n%93<br \/>\n}, {<br \/>\n%22featureType%22: %22administrative.land_parcel%22,<br \/>\n%22elementType%22: %22labels.text.fill%22,<br \/>\n%22stylers%22: %91 {<br \/>\n%22color%22: %22#f4f4f4%22<br \/>\n}<br \/>\n%93<br \/>\n}, {<br \/>\n%22featureType%22: %22administrative.land_parcel%22,<br \/>\n%22elementType%22: %22labels.text.stroke%22,<br \/>\n%22stylers%22: %91 {<br \/>\n%22color%22: %22#7a756d%22<br \/>\n}<br \/>\n%93<br \/>\n}, {<br \/>\n%22featureType%22: %22administrative.locality%22,<br \/>\n%22elementType%22: %22geometry.stroke%22,<br \/>\n%22stylers%22: %91 {<br \/>\n%22color%22: %22#f4f4f4%22<br \/>\n}<br \/>\n%93<br \/>\n}, {<br \/>\n%22featureType%22: %22administrative.locality%22,<br \/>\n%22elementType%22: %22labels.text.fill%22,<br \/>\n%22stylers%22: %91 {<br \/>\n%22color%22: %22#f4f4f4%22<br \/>\n}<br \/>\n%93<br \/>\n}, {<br \/>\n%22featureType%22: %22administrative.locality%22,<br \/>\n%22elementType%22: %22labels.text.stroke%22,<br \/>\n%22stylers%22: %91 {<br \/>\n%22color%22: %22#7a756d%22<br \/>\n}<br \/>\n%93<br \/>\n}, {<br \/>\n%22featureType%22: %22administrative.neighborhood%22,<br \/>\n%22elementType%22: %22geometry.stroke%22,<br \/>\n%22stylers%22: %91 {<br \/>\n%22color%22: %22#f4f4f4%22<br \/>\n}<br \/>\n%93<br \/>\n}, {<br \/>\n%22featureType%22: %22administrative.neighborhood%22,<br \/>\n%22elementType%22: %22labels.text.fill%22,<br \/>\n%22stylers%22: %91 {<br \/>\n%22color%22: %22#f4f4f4%22<br \/>\n}<br \/>\n%93<br \/>\n}, {<br \/>\n%22featureType%22: %22administrative.neighborhood%22,<br \/>\n%22elementType%22: %22labels.text.stroke%22,<br \/>\n%22stylers%22: %91 {<br \/>\n%22color%22: %22#7a756d%22<br \/>\n}<br \/>\n%93<br \/>\n}, {<br \/>\n%22featureType%22: %22administrative.province%22,<br \/>\n%22elementType%22: %22geometry.stroke%22,<br \/>\n%22stylers%22: %91 {<br \/>\n%22color%22: %22#f4f4f4%22<br \/>\n}<br \/>\n%93<br \/>\n}, {<br \/>\n%22featureType%22: %22administrative.province%22,<br \/>\n%22elementType%22: %22labels.text.fill%22,<br \/>\n%22stylers%22: %91 {<br \/>\n%22color%22: %22#f4f4f4%22<br \/>\n}<br \/>\n%93<br \/>\n}, {<br \/>\n%22featureType%22: %22administrative.province%22,<br \/>\n%22elementType%22: %22labels.text.stroke%22,<br \/>\n%22stylers%22: %91 {<br \/>\n%22color%22: %22#7a756d%22<br \/>\n}<br \/>\n%93<br \/>\n}, {<br \/>\n%22featureType%22: %22landscape.man_made%22,<br \/>\n%22elementType%22: %22geometry.fill%22,<br \/>\n%22stylers%22: %91 {<br \/>\n%22color%22: %22#7a756d%22<br \/>\n}<br \/>\n%93<br \/>\n}, {<br \/>\n%22featureType%22: %22landscape.natural%22,<br \/>\n%22elementType%22: %22geometry.fill%22,<br \/>\n%22stylers%22: %91 {<br \/>\n%22color%22: %22#7a756d%22<br \/>\n}<br \/>\n%93<br \/>\n}, {<br \/>\n%22featureType%22: %22landscape.natural%22,<br \/>\n%22elementType%22: %22labels%22,<br \/>\n%22stylers%22: %91 {<br \/>\n%22visibility%22: %22off%22<br \/>\n}<br \/>\n%93<br \/>\n}, {<br \/>\n%22featureType%22: %22poi%22,<br \/>\n%22stylers%22: %91 {<br \/>\n%22visibility%22: %22off%22<br \/>\n}<br \/>\n%93<br \/>\n}, {<br \/>\n%22featureType%22: %22road%22,<br \/>\n%22stylers%22: %91 {<br \/>\n%22visibility%22: %22off%22<br \/>\n}<br \/>\n%93<br \/>\n}, {<br \/>\n%22featureType%22: %22transit%22,<br \/>\n%22stylers%22: %91 {<br \/>\n%22visibility%22: %22off%22<br \/>\n}<br \/>\n%93<br \/>\n}, {<br \/>\n%22featureType%22: %22water%22,<br \/>\n%22elementType%22: %22geometry.fill%22,<br \/>\n%22stylers%22: %91 {<br \/>\n%22color%22: %22#f4f4f4%22<br \/>\n}<br \/>\n%93<br \/>\n}, {<br \/>\n%22featureType%22: %22water%22,<br \/>\n%22elementType%22: %22geometry.stroke%22,<br \/>\n%22stylers%22: %91 {<br \/>\n%22visibility%22: %22off%22<br \/>\n}<br \/>\n%93<br \/>\n}<br \/>\n%93&#8243; map_height_tablet=\u00bb600&#8243; _builder_version=\u00bb3.19.12&#8243; border_width_all=\u00bb1px\u00bb text_orientation=\u00bbleft\u00bb map_height=\u00bb442px\u00bb marker_listing_bg_thead=\u00bb#f4f4f4&#8243; marker_cluster_bg=\u00bb#008cff\u00bb][et_pb_map_pin_extended title=\u00bbOFICINA CENTRAL\u00bb pin_address=\u00bbCarrer de les Moreres, 93, 08820 El Prat de Llobregat, Barcelona, Espa\u00f1a\u00bb pin_address_lat=\u00bb41.3294044&#8243; pin_address_lng=\u00bb2.104971599999999&#8243; pin_fill_color=\u00bb#7c5d2e\u00bb pin_circle_color=\u00bb#ffffff\u00bb pin_on_off=\u00bboff\u00bb _builder_version=\u00bb3.19.12&#8243; zoom_level=\u00bb18&#8243; marker_url_new_window=\u00bboff\u00bb marker_url_trigger_method=\u00bbclick\u00bb link_option_url_new_window=\u00bboff\u00bb pin_stroke_color=\u00bb#ffffff\u00bb pin_widthsize=\u00bb40px\u00bb pin_heightsize=\u00bb40px\u00bb hover_transition_duration=\u00bb300ms\u00bb hover_transition_delay=\u00bb0ms\u00bb hover_transition_speed_curve=\u00bbease\u00bb]<\/p>\n<p>c\/ Les Moreres, 93-95<br \/>P.I. L\u2019Estruch \u00b7 08820<br \/>El Prat de Llobregat<\/p>\n<p>[\/et_pb_map_pin_extended][et_pb_map_pin_extended title=\u00bbDELEGACI\u00d3N CERDANYA\u00bb pin_address=\u00bbCarrer Pol. Ind. Sector Estaci\u00f3, 4, 4, 17520 Puigcerd\u00e0, Girona, Espa\u00f1a\u00bb pin_address_lat=\u00bb42.4280793&#8243; pin_address_lng=\u00bb1.9241868000000295&#8243; pin_fill_color=\u00bb#7c5d2e\u00bb pin_circle_color=\u00bb#ffffff\u00bb pin_on_off=\u00bboff\u00bb _builder_version=\u00bb3.19.12&#8243; zoom_level=\u00bb18&#8243; marker_url_new_window=\u00bboff\u00bb marker_url_trigger_method=\u00bbclick\u00bb link_option_url_new_window=\u00bboff\u00bb pin_stroke_color=\u00bb#ffffff\u00bb pin_widthsize=\u00bb40px\u00bb pin_heightsize=\u00bb40px\u00bb hover_transition_duration=\u00bb300ms\u00bb hover_transition_delay=\u00bb0ms\u00bb hover_transition_speed_curve=\u00bbease\u00bb]<\/p>\n<p>Prol. C\/ Estaci\u00f3, s\/n,<br \/>Nau 4 Puigcerd\u00e0<\/p>\n<p>[\/et_pb_map_pin_extended][et_pb_map_pin_extended title=\u00bbDELEGACI\u00d3N BAIX PENEDES\u00bb pin_address=\u00bbCarrer Josep Maria Folch i Torres, 43700 El Vendrell, Tarragona, Espa\u00f1a\u00bb pin_address_lat=\u00bb41.21062060000001&#8243; pin_address_lng=\u00bb1.555925200000047&#8243; pin_fill_color=\u00bb#7c5d2e\u00bb pin_circle_color=\u00bb#ffffff\u00bb pin_on_off=\u00bboff\u00bb _builder_version=\u00bb3.19.12&#8243; zoom_level=\u00bb18&#8243; marker_url_new_window=\u00bboff\u00bb marker_url_trigger_method=\u00bbclick\u00bb link_option_url_new_window=\u00bboff\u00bb pin_stroke_color=\u00bb#ffffff\u00bb pin_widthsize=\u00bb40px\u00bb pin_heightsize=\u00bb40px\u00bb hover_transition_duration=\u00bb300ms\u00bb hover_transition_delay=\u00bb0ms\u00bb hover_transition_speed_curve=\u00bbease\u00bb]<\/p>\n<p>C\/ Josep Mar\u00eda Folc i Torres<br \/>El Vendrell<\/p>\n<p>[\/et_pb_map_pin_extended][\/et_pb_map_extended][\/et_pb_column][\/et_pb_row][\/et_pb_section]<\/p>\n","protected":false},"excerpt":{"rendered":"<p>CONTACTO <div class=\"et_pb_row et_pb_row_0 et_pb_row_empty\">\n\t\t\t\t\n\t\t\t\t\n\t\t\t\t\n\t\t\t\t\n\t\t\t\t\n\t\t\t<\/div>\n<div class=\"wpcf7 no-js\" id=\"wpcf7-f5448-o2\" lang=\"es-ES\" dir=\"ltr\" data-wpcf7-id=\"5448\">\n<div class=\"screen-reader-response\"><p role=\"status\" aria-live=\"polite\" aria-atomic=\"true\"><\/p> <ul><\/ul><\/div>\n<form action=\"\/es\/wp-json\/wp\/v2\/pages\/5431#wpcf7-f5448-o2\" method=\"post\" class=\"wpcf7-form init\" aria-label=\"Formulario de contacto\" novalidate=\"novalidate\" data-status=\"init\">\n<fieldset class=\"hidden-fields-container\"><input type=\"hidden\" name=\"_wpcf7\" value=\"5448\" \/><input type=\"hidden\" name=\"_wpcf7_version\" value=\"6.1.4\" \/><input type=\"hidden\" name=\"_wpcf7_locale\" value=\"es_ES\" \/><input type=\"hidden\" name=\"_wpcf7_unit_tag\" value=\"wpcf7-f5448-o2\" \/><input type=\"hidden\" name=\"_wpcf7_container_post\" value=\"0\" \/><input type=\"hidden\" name=\"_wpcf7_posted_data_hash\" value=\"\" \/>\n<\/fieldset>\n<p><span class=\"wpcf7-form-control-wrap\" data-name=\"your-name\"><input size=\"40\" maxlength=\"400\" class=\"wpcf7-form-control wpcf7-text wpcf7-validates-as-required\" aria-required=\"true\" aria-invalid=\"false\" placeholder=\"Nombre (requerido)\" value=\"\" type=\"text\" name=\"your-name\" \/><\/span>\n<\/p>\n<div>\n\t<p><span id=\"wpcf7-69fdfc9e4d0de-wrapper\" class=\"wpcf7-form-control-wrap your-lastname-wrap\" style=\"display:none !important; visibility:hidden !important;\"><label for=\"wpcf7-69fdfc9e4d0de-field\" class=\"hp-message\">Por favor, deja este campo vac\u00edo.<\/label><input id=\"wpcf7-69fdfc9e4d0de-field\"  class=\"wpcf7-form-control wpcf7-text\" type=\"text\" name=\"your-lastname\" value=\"\" size=\"40\" tabindex=\"-1\" autocomplete=\"new-password\" \/><\/span>\n\t<\/p>\n<\/div>\n<p><span class=\"wpcf7-form-control-wrap\" data-name=\"your-email\"><input size=\"40\" maxlength=\"400\" class=\"wpcf7-form-control wpcf7-email wpcf7-validates-as-required wpcf7-text wpcf7-validates-as-email\" aria-required=\"true\" aria-invalid=\"false\" placeholder=\"E-mail (requerido)\" value=\"\" type=\"email\" name=\"your-email\" \/><\/span>\n<\/p>\n<p><span class=\"wpcf7-form-control-wrap\" data-name=\"your-phone\"><input size=\"40\" maxlength=\"400\" class=\"wpcf7-form-control wpcf7-text wpcf7-validates-as-required\" aria-required=\"true\" aria-invalid=\"false\" placeholder=\"Tel\u00e9fono (requerido)\" value=\"\" type=\"text\" name=\"your-phone\" \/><\/span>\n<\/p>\n<p><span class=\"wpcf7-form-control-wrap\" data-name=\"poblacio\"><input size=\"40\" maxlength=\"400\" class=\"wpcf7-form-control wpcf7-text wpcf7-validates-as-required\" aria-required=\"true\" aria-invalid=\"false\" placeholder=\"Poblaci\u00f3n (requerido)\" value=\"\" type=\"text\" name=\"poblacio\" \/><\/span>\n<\/p>\n<p><span class=\"wpcf7-form-control-wrap\" data-name=\"direccio\"><input size=\"40\" maxlength=\"400\" class=\"wpcf7-form-control wpcf7-text\" aria-invalid=\"false\" placeholder=\"Direcci\u00f3n\" value=\"\" type=\"text\" name=\"direccio\" \/><\/span>\n<\/p>\n<p>Tipo de consulta (Requerido):\n<\/p>\n<p><span class=\"wpcf7-form-control-wrap\" data-name=\"radio-787\"><span class=\"wpcf7-form-control wpcf7-radio\"><span class=\"wpcf7-list-item first\"><label><input type=\"radio\" name=\"radio-787\" value=\"Mantenimiento\" \/><span class=\"wpcf7-list-item-label\">Mantenimiento<\/span><\/label><\/span><span class=\"wpcf7-list-item last\"><label><input type=\"radio\" name=\"radio-787\" value=\"Instalaci\u00f3n\" \/><span class=\"wpcf7-list-item-label\">Instalaci\u00f3n<\/span><\/label><\/span><\/span><\/span>\n<\/p>\n<p><span class=\"wpcf7-form-control-wrap\" data-name=\"your-message\"><textarea cols=\"40\" rows=\"10\" maxlength=\"2000\" class=\"wpcf7-form-control wpcf7-textarea\" aria-invalid=\"false\" placeholder=\"Mensaje\" name=\"your-message\"><\/textarea><\/span>\n<\/p>\n<div class=\"Politica-Privacidad\">\n\t<p><span class=\"wpcf7-form-control-wrap\" data-name=\"PoliticaPrivacidad\"><span class=\"wpcf7-form-control wpcf7-checkbox wpcf7-validates-as-required\"><span class=\"wpcf7-list-item first last\"><input type=\"checkbox\" name=\"PoliticaPrivacidad[]\" value=\"He le\u00eddo y acepto Pol\u00edtica de Privacidad\" \/><span class=\"wpcf7-list-item-label\">He le\u00eddo y acepto Pol\u00edtica de Privacidad<\/span><\/span><\/span><\/span><a href=\"\/es\/politica-de-privacidad\/\">- M\u00e1s informaci\u00f3n<\/a>\n\t<\/p>\n<\/div>\n<div class=\"Politica-Privacidad\">\n\t<p><span class=\"wpcf7-form-control-wrap\" data-name=\"AutorizaComunicacion\"><span class=\"wpcf7-form-control wpcf7-checkbox\"><span class=\"wpcf7-list-item first last\"><input type=\"checkbox\" name=\"AutorizaComunicacion[]\" value=\"Autorizo el env\u00edo de comunicaciones por medios electr\u00f3nicos relativas a las actividades, productos o servicios\" \/><span class=\"wpcf7-list-item-label\">Autorizo el env\u00edo de comunicaciones por medios electr\u00f3nicos relativas a las actividades, productos o servicios<\/span><\/span><\/span><\/span>\n\t<\/p>\n<\/div>\n<p><input class=\"wpcf7-form-control wpcf7-submit has-spinner\" type=\"submit\" value=\"Enviar\" \/>\n<\/p>\n<p class=\"gpdr\"><b>Responsable:<\/b> ASCENSORS SOLER S.A. | <b>Finalidad principal:<\/b> Gestionar la relaci\u00f3n contractual que nos une. Gestionar el env\u00edo de la informaci\u00f3n\/ dudas \/ consultas que nos solicita a trav\u00e9s de los formularios Web, email o cualquier medio disponible\/ gesti\u00f3n de la candidatura\/ gestionar el env\u00edo de informaci\u00f3n y prospecci\u00f3n comercial | <b>Legitimaci\u00f3n:<\/b> consentimiento del interesado \/ ejecuci\u00f3n contractual o precontractual | <b>Destinatarios:<\/b> no se ceder\u00e1n datos a terceros, salvo autorizaci\u00f3n expresa u obligaci\u00f3n legal | <b>Derechos:<\/b> acceder, rectificar y suprimir los datos, portabilidad de los datos, limitaci\u00f3n u oposici\u00f3n a su tratamiento, transparencia y derecho a no ser objeto de decisiones automatizadas. | <b>Informaci\u00f3n adicional:<\/b> puede consultar la informaci\u00f3n adicional y detallada sobre nuestra pol\u00edtica de privacidad en <a href=\"https:\/\/soler-wp.ixole.es\/pagina-advertencia\/politica-de-privacitat\">https:\/\/soler-wp.ixole.es\/pagina-advertencia\/politica-de-privacitat<\/a>\n<\/p><input type='hidden' class='wpcf7-pum' value='{\"closepopup\":false,\"closedelay\":0,\"openpopup\":false,\"openpopup_id\":0}' \/><div class=\"wpcf7-response-output\" aria-hidden=\"true\"><\/div>\n<\/form>\n<\/div>\n c\/ Les Moreres, 93-95P.I. L\u2019Estruch \u00b7 08820El Prat de Llobregat Prol. C\/ Estaci\u00f3, s\/n,Nau 4 Puigcerd\u00e0 C\/ Josep Mar\u00eda Folc i TorresEl Vendrell<\/p>\n","protected":false},"author":1,"featured_media":0,"parent":0,"menu_order":0,"comment_status":"closed","ping_status":"closed","template":"","meta":{"_et_pb_use_builder":"on","_et_pb_old_content":"","_et_gb_content_width":"","footnotes":""},"class_list":["post-5431","page","type-page","status-publish","hentry"],"_links":{"self":[{"href":"https:\/\/soler-wp.ixole.es\/es\/wp-json\/wp\/v2\/pages\/5431","targetHints":{"allow":["GET"]}}],"collection":[{"href":"https:\/\/soler-wp.ixole.es\/es\/wp-json\/wp\/v2\/pages"}],"about":[{"href":"https:\/\/soler-wp.ixole.es\/es\/wp-json\/wp\/v2\/types\/page"}],"author":[{"embeddable":true,"href":"https:\/\/soler-wp.ixole.es\/es\/wp-json\/wp\/v2\/users\/1"}],"replies":[{"embeddable":true,"href":"https:\/\/soler-wp.ixole.es\/es\/wp-json\/wp\/v2\/comments?post=5431"}],"version-history":[{"count":0,"href":"https:\/\/soler-wp.ixole.es\/es\/wp-json\/wp\/v2\/pages\/5431\/revisions"}],"wp:attachment":[{"href":"https:\/\/soler-wp.ixole.es\/es\/wp-json\/wp\/v2\/media?parent=5431"}],"curies":[{"name":"wp","href":"https:\/\/api.w.org\/{rel}","templated":true}]}}