{"id":5357,"date":"2019-02-15T01:34:15","date_gmt":"2019-02-15T00:34:15","guid":{"rendered":"https:\/\/soler-wp.ixole.es\/instal%c2%b7lacio-de-salva-escales\/"},"modified":"2019-03-05T12:37:26","modified_gmt":"2019-03-05T11:37:26","slug":"instalacion-de-sube-escaleras","status":"publish","type":"page","link":"https:\/\/soler-wp.ixole.es\/es\/instalacion-de-sube-escaleras\/","title":{"rendered":"Instalaci\u00f3n de sube-escaleras"},"content":{"rendered":"<p>[et_pb_section bb_built=\u00bb1&#8243; specialty=\u00bboff\u00bb _builder_version=\u00bb3.17.6&#8243; next_background_color=\u00bb#ffffff\u00bb background_color=\u00bb#000000&#8243; custom_margin=\u00bb0px||0px|\u00bb custom_padding=\u00bb0px||0px|\u00bb][et_pb_row _builder_version=\u00bb3.17.6&#8243; custom_padding=\u00bb50px||7px|\u00bb][et_pb_column type=\u00bb4_4&#8243;][et_pb_text _builder_version=\u00bb3.19.12&#8243; header_font=\u00bb|300||on|||||\u00bb header_font_size=\u00bb28px\u00bb header_text_color=\u00bb#ffffff\u00bb]<\/p>\n<h1 class=\"titulo_pagina\" style=\"text-align: center;\">Instalaci\u00f3n de <strong>sube-escaleras<\/strong><\/h1>\n<p>[\/et_pb_text][\/et_pb_column][\/et_pb_row][\/et_pb_section][et_pb_section bb_built=\u00bb1&#8243; specialty=\u00bboff\u00bb _builder_version=\u00bb3.17.6&#8243; next_background_color=\u00bb#f4f4f4&#8243; prev_background_color=\u00bb#000000&#8243;][et_pb_row][et_pb_column type=\u00bb1_2&#8243;][et_pb_image _builder_version=\u00bb3.19.12&#8243; src=\u00bbhttps:\/\/soler-wp.ixole.es\/wp-content\/uploads\/2019\/01\/Puja-escales-plegat.jpg\u00bb \/][\/et_pb_column][et_pb_column type=\u00bb1_2&#8243;][et_pb_text _builder_version=\u00bb3.19.12&#8243; text_text_color=\u00bb#4799c9&#8243; text_font_size=\u00bb20px\u00bb text_line_height=\u00bb1.1em\u00bb]<\/p>\n<p>Los <strong>sube-escaleras<\/strong> son aparatos elevadores espec\u00edficos para salvar peque\u00f1as alturas generadas por un tramo de escalera. Existen dos tipos: silla o plataforma (inclinada \/ vertical).<\/p>\n<p>[\/et_pb_text][et_pb_text _builder_version=\u00bb3.19.12&#8243;]<\/p>\n<p>La silla incluso permite recorrer la escala aunque tengan que describir curvas, son limitados ya que no pueden subir sillas de ruedas, o cargas rodadas.<\/p>\n<p>La plataforma de los\u00a0<strong>sube-escaleras<\/strong>\u00a0tiene dos posibilidades; inclinada o vertical y permite el transporte de sillas de ruedas, cargas y \/ o personas, aunque necesita m\u00e1s espacio de ubicaci\u00f3n que la silla, resulta m\u00e1s \u00fatil.<\/p>\n<p>[\/et_pb_text][\/et_pb_column][\/et_pb_row][\/et_pb_section][et_pb_section bb_built=\u00bb1&#8243; specialty=\u00bboff\u00bb prev_background_color=\u00bb#ffffff\u00bb _builder_version=\u00bb3.17.6&#8243; background_color=\u00bb#f4f4f4&#8243;][et_pb_row _builder_version=\u00bb3.17.6&#8243;][et_pb_column type=\u00bb4_4&#8243;][et_pb_text _builder_version=\u00bb3.19.12&#8243; header_font=\u00bb|700||on|||||\u00bb header_font_size=\u00bb32px\u00bb header_text_color=\u00bb#1a3f74&#8243; header_2_text_color=\u00bb#1a3f74&#8243; header_2_font=\u00bb|700||on|||||\u00bb border_width_bottom=\u00bb2px\u00bb border_color_bottom=\u00bb#1a3f74&#8243; header_2_font_size=\u00bb22px\u00bb]<\/p>\n<h2 style=\"text-align: left;\">PROYECTOS REALIZADOS<\/h2>\n<p>[\/et_pb_text][\/et_pb_column][\/et_pb_row][et_pb_row][et_pb_column type=\u00bb4_4&#8243;][et_pb_portfolio _builder_version=\u00bb3.19.12&#8243; posts_number=\u00bb28&#8243; show_categories=\u00bboff\u00bb fullwidth=\u00bboff\u00bb zoom_icon_color=\u00bb#1a3f74&#8243; hover_overlay_color=\u00bbrgba(255,255,255,0.9)\u00bb include_categories=\u00bb43&#8243; title_font=\u00bb||on||||||\u00bb title_font_size=\u00bb17&#8243; title_line_height=\u00bb1.3em\u00bb \/][\/et_pb_column][\/et_pb_row][\/et_pb_section]<\/p>\n","protected":false},"excerpt":{"rendered":"<p>Instalaci\u00f3n de sube-escaleras <div class=\"et_pb_row et_pb_row_0 et_pb_row_empty\">\n\t\t\t\t\n\t\t\t\t\n\t\t\t\t\n\t\t\t\t\n\t\t\t\t\n\t\t\t<\/div> Los sube-escaleras son aparatos elevadores espec\u00edficos para salvar peque\u00f1as alturas generadas por un tramo de escalera. Existen dos tipos: silla o plataforma (inclinada \/ vertical). La silla incluso permite recorrer la escala aunque tengan que describir curvas, son limitados ya que no pueden subir sillas de ruedas, o cargas rodadas.La plataforma [&hellip;]<\/p>\n","protected":false},"author":1,"featured_media":0,"parent":0,"menu_order":0,"comment_status":"closed","ping_status":"closed","template":"","meta":{"_et_pb_use_builder":"on","_et_pb_old_content":"","_et_gb_content_width":"","footnotes":""},"class_list":["post-5357","page","type-page","status-publish","hentry"],"_links":{"self":[{"href":"https:\/\/soler-wp.ixole.es\/es\/wp-json\/wp\/v2\/pages\/5357","targetHints":{"allow":["GET"]}}],"collection":[{"href":"https:\/\/soler-wp.ixole.es\/es\/wp-json\/wp\/v2\/pages"}],"about":[{"href":"https:\/\/soler-wp.ixole.es\/es\/wp-json\/wp\/v2\/types\/page"}],"author":[{"embeddable":true,"href":"https:\/\/soler-wp.ixole.es\/es\/wp-json\/wp\/v2\/users\/1"}],"replies":[{"embeddable":true,"href":"https:\/\/soler-wp.ixole.es\/es\/wp-json\/wp\/v2\/comments?post=5357"}],"version-history":[{"count":0,"href":"https:\/\/soler-wp.ixole.es\/es\/wp-json\/wp\/v2\/pages\/5357\/revisions"}],"wp:attachment":[{"href":"https:\/\/soler-wp.ixole.es\/es\/wp-json\/wp\/v2\/media?parent=5357"}],"curies":[{"name":"wp","href":"https:\/\/api.w.org\/{rel}","templated":true}]}}