{"id":5299,"date":"2019-02-14T22:58:11","date_gmt":"2019-02-14T21:58:11","guid":{"rendered":"https:\/\/soler-wp.ixole.es\/instal%c2%b7lacio-dascensors-electrics-sense-cambra-de-maquinaria\/"},"modified":"2019-03-05T12:24:40","modified_gmt":"2019-03-05T11:24:40","slug":"instalacion-de-ascensores-electricos-sin-cuarto-de-maquinaria","status":"publish","type":"page","link":"https:\/\/soler-wp.ixole.es\/es\/instalacion-de-ascensores-electricos-sin-cuarto-de-maquinaria\/","title":{"rendered":"Instalaci\u00f3n de ascensores el\u00e9ctricos sin cuarto de maquinaria"},"content":{"rendered":"<p>[et_pb_section bb_built=\u00bb1&#8243; specialty=\u00bboff\u00bb _builder_version=\u00bb3.17.6&#8243; next_background_color=\u00bb#ffffff\u00bb background_color=\u00bb#000000&#8243; custom_margin=\u00bb0px||0px|\u00bb custom_padding=\u00bb0px||0px|\u00bb][et_pb_row _builder_version=\u00bb3.17.6&#8243; custom_padding=\u00bb50px||7px|\u00bb][et_pb_column type=\u00bb4_4&#8243;][et_pb_text _builder_version=\u00bb3.19.12&#8243; header_font=\u00bb|300||on|||||\u00bb header_font_size=\u00bb28px\u00bb header_text_color=\u00bb#ffffff\u00bb]<\/p>\n<h1 class=\"titulo_pagina\" style=\"text-align: center;\">Instalaci\u00f3n de ascensores <strong>el\u00e9ctricos sin cuarto de maquinaria<\/strong><\/h1>\n<p>[\/et_pb_text][\/et_pb_column][\/et_pb_row][\/et_pb_section][et_pb_section bb_built=\u00bb1&#8243; specialty=\u00bboff\u00bb _builder_version=\u00bb3.17.6&#8243; next_background_color=\u00bb#f4f4f4&#8243; prev_background_color=\u00bb#000000&#8243;][et_pb_row][et_pb_column type=\u00bb1_2&#8243;][et_pb_image _builder_version=\u00bb3.19.12&#8243; src=\u00bbhttps:\/\/soler-wp.ixole.es\/wp-content\/uploads\/2018\/12\/Ascensor-panora\u0300mic-Puigcerda\u0300-Pl-Calva.jpg\u00bb \/][\/et_pb_column][et_pb_column type=\u00bb1_2&#8243;][et_pb_text _builder_version=\u00bb3.19.12&#8243; text_text_color=\u00bb#4799c9&#8243; text_font_size=\u00bb20px\u00bb text_line_height=\u00bb1.1em\u00bb]<\/p>\n<p>Los <strong>ascensores el\u00e9ctricos sin cuarto de maquinaria<\/strong> son en la actualidad los m\u00e1s solicitados para nuevas construcciones.<\/p>\n<p>[\/et_pb_text][et_pb_text _builder_version=\u00bb3.19.12&#8243;]<\/p>\n<p>Sus ventajas son claras:<\/p>\n<ul>\n<li>Est\u00e1 todo instalado en un solo espacio (el recinto)<\/li>\n<li>Rapidez (a partir de 1 m \/ s)<\/li>\n<li>Eficiencia energ\u00e9tica (grupo tractor Gearless)<\/li>\n<li>Confort (variador de frecuencia)<\/li>\n<li>Efectividad (maniobra selectiva \/ pesacargas)\u00a0<\/li>\n<\/ul>\n<p>Adem\u00e1s se pueden suministrar para\u00a0<strong>cualquier n\u00famero de paradas y sin l\u00edmite de carga<\/strong>. Es por ello que hoy en d\u00eda el 80% de los ascensores que se instalan son de este tipo.<\/p>\n<p>Los\u00a0<strong>ascensores el\u00e9ctricos sin cuarto de maquinaria<\/strong><strong>\u00a0comparten los mismos elementos b\u00e1sicos que los ascensores el\u00e9ctricos cl\u00e1sicos, que son:<\/strong><\/p>\n<ul>\n<li>Gu\u00edas y soportes \u00a0 \u00a0 \u00a0<\/li>\n<li>Chasis de cabina y contrapeso \u00a0 \u00a0 \u00a0 \u00a0 \u00a0<\/li>\n<li>Cables de suspensi\u00f3n \u00a0 \u00a0 \u00a0 \u00a0 \u00a0<\/li>\n<li>Grupo tractor \u00a0 \u00a0 \u00a0 \u00a0 \u00a0<\/li>\n<li>Contrapeso \u00a0 \u00a0 \u00a0 \u00a0 \u00a0 \u00a0 \u00a0 \u00a0 \u00a0 \u00a0 \u00a0 \u00a0 \u00a0 \u00a0 \u00a0 \u00a0 \u00a0 \u00a0 \u00a0<\/li>\n<li>Limitador de velocidad \u00a0 \u00a0 \u00a0 \u00a0 \u00a0<\/li>\n<li>Cuadro maniobra \u00a0 \u00a0<\/li>\n<li>Puertas de rellano y puertas cabina \u00a0 \u00a0<\/li>\n<li>Botoneras de rellanos y cabina<\/li>\n<li>Cabina \u00a0 \u00a0 \u00a0 \u00a0 \u00a0 \u00a0 \u00a0 \u00a0 \u00a0 \u00a0<\/li>\n<li>Instalaciones el\u00e9ctricas \u00a0 \u00a0 \u00a0 \u00a0 \u00a0 \u00a0 \u00a0 \u00a0 \u00a0 \u00a0<\/li>\n<li>Amortiguadores<\/li>\n<\/ul>\n<p>[\/et_pb_text][\/et_pb_column][\/et_pb_row][\/et_pb_section][et_pb_section bb_built=\u00bb1&#8243; specialty=\u00bboff\u00bb prev_background_color=\u00bb#ffffff\u00bb _builder_version=\u00bb3.17.6&#8243; background_color=\u00bb#f4f4f4&#8243;][et_pb_row _builder_version=\u00bb3.17.6&#8243;][et_pb_column type=\u00bb4_4&#8243;][et_pb_text _builder_version=\u00bb3.19.12&#8243; header_font=\u00bb|700||on|||||\u00bb header_font_size=\u00bb32px\u00bb header_text_color=\u00bb#1a3f74&#8243; header_2_text_color=\u00bb#1a3f74&#8243; header_2_font=\u00bb|700||on|||||\u00bb border_width_bottom=\u00bb2px\u00bb border_color_bottom=\u00bb#1a3f74&#8243; header_2_font_size=\u00bb22px\u00bb]<\/p>\n<h2 style=\"text-align: left;\">PROYECTOS REALIZADOS<\/h2>\n<p>[\/et_pb_text][\/et_pb_column][\/et_pb_row][et_pb_row][et_pb_column type=\u00bb4_4&#8243;][et_pb_portfolio _builder_version=\u00bb3.19.12&#8243; posts_number=\u00bb28&#8243; show_categories=\u00bboff\u00bb fullwidth=\u00bboff\u00bb zoom_icon_color=\u00bb#1a3f74&#8243; hover_overlay_color=\u00bbrgba(255,255,255,0.9)\u00bb include_categories=\u00bb65&#8243; title_font=\u00bb||on||||||\u00bb title_font_size=\u00bb17&#8243; title_line_height=\u00bb1.3em\u00bb \/][\/et_pb_column][\/et_pb_row][\/et_pb_section]<\/p>\n","protected":false},"excerpt":{"rendered":"<p>Instalaci\u00f3n de ascensores el\u00e9ctricos sin cuarto de maquinaria <div class=\"et_pb_row et_pb_row_0 et_pb_row_empty\">\n\t\t\t\t\n\t\t\t\t\n\t\t\t\t\n\t\t\t\t\n\t\t\t\t\n\t\t\t<\/div> Los ascensores el\u00e9ctricos sin cuarto de maquinaria son en la actualidad los m\u00e1s solicitados para nuevas construcciones. Sus ventajas son claras:Est\u00e1 todo instalado en un solo espacio (el recinto)Rapidez (a partir de 1 m \/ s)Eficiencia energ\u00e9tica (grupo tractor Gearless)Confort (variador de frecuencia)Efectividad (maniobra selectiva \/ [&hellip;]<\/p>\n","protected":false},"author":1,"featured_media":0,"parent":0,"menu_order":0,"comment_status":"closed","ping_status":"closed","template":"","meta":{"_et_pb_use_builder":"on","_et_pb_old_content":"","_et_gb_content_width":"","footnotes":""},"class_list":["post-5299","page","type-page","status-publish","hentry"],"_links":{"self":[{"href":"https:\/\/soler-wp.ixole.es\/es\/wp-json\/wp\/v2\/pages\/5299","targetHints":{"allow":["GET"]}}],"collection":[{"href":"https:\/\/soler-wp.ixole.es\/es\/wp-json\/wp\/v2\/pages"}],"about":[{"href":"https:\/\/soler-wp.ixole.es\/es\/wp-json\/wp\/v2\/types\/page"}],"author":[{"embeddable":true,"href":"https:\/\/soler-wp.ixole.es\/es\/wp-json\/wp\/v2\/users\/1"}],"replies":[{"embeddable":true,"href":"https:\/\/soler-wp.ixole.es\/es\/wp-json\/wp\/v2\/comments?post=5299"}],"version-history":[{"count":0,"href":"https:\/\/soler-wp.ixole.es\/es\/wp-json\/wp\/v2\/pages\/5299\/revisions"}],"wp:attachment":[{"href":"https:\/\/soler-wp.ixole.es\/es\/wp-json\/wp\/v2\/media?parent=5299"}],"curies":[{"name":"wp","href":"https:\/\/api.w.org\/{rel}","templated":true}]}}