{"id":4959,"date":"2018-12-05T12:01:07","date_gmt":"2018-12-05T11:01:07","guid":{"rendered":"https:\/\/soler-wp.ixole.es\/instal%c2%b7lacio-dascensors\/"},"modified":"2021-04-08T13:49:10","modified_gmt":"2021-04-08T11:49:10","slug":"instalacion-de-ascensores","status":"publish","type":"page","link":"https:\/\/soler-wp.ixole.es\/es\/instalacion-de-ascensores\/","title":{"rendered":"Ascensores"},"content":{"rendered":"<p>[et_pb_section bb_built=\u00bb1&#8243; specialty=\u00bboff\u00bb _builder_version=\u00bb3.17.6&#8243; next_background_color=\u00bb#ffffff\u00bb background_color=\u00bb#000000&#8243; custom_margin=\u00bb0px||0px|\u00bb custom_padding=\u00bb0px||0px|\u00bb][et_pb_row _builder_version=\u00bb3.17.6&#8243; custom_padding=\u00bb50px||7px|\u00bb][et_pb_column type=\u00bb4_4&#8243;][et_pb_text _builder_version=\u00bb3.19.12&#8243; header_font=\u00bb|300||on|||||\u00bb header_font_size=\u00bb28px\u00bb header_text_color=\u00bb#ffffff\u00bb]<\/p>\n<h1 style=\"text-align: center;\">Instalaci\u00f3n de <strong>ascensores<\/strong><\/h1>\n<p>[\/et_pb_text][\/et_pb_column][\/et_pb_row][\/et_pb_section][et_pb_section bb_built=\u00bb1&#8243; specialty=\u00bboff\u00bb _builder_version=\u00bb3.17.6&#8243; next_background_color=\u00bb#f4f4f4&#8243; prev_background_color=\u00bb#000000&#8243;][et_pb_row _builder_version=\u00bb3.17.6&#8243; custom_css_main_2=\u00bbwidth: 35.667% !important;\u00bb custom_css_main_3=\u00bbwidth: 23.667% !important;\u00bb disabled_on=\u00bbon|on|off\u00bb disabled=\u00bboff\u00bb][et_pb_column type=\u00bb1_3&#8243;][et_pb_image _builder_version=\u00bb3.19.12&#8243; src=\u00bbhttps:\/\/soler-wp.ixole.es\/wp-content\/uploads\/2019\/02\/ascensors.jpg\u00bb \/][\/et_pb_column][et_pb_column type=\u00bb1_3&#8243;][et_pb_text _builder_version=\u00bb3.19.12&#8243;]<\/p>\n<p>Ascensors Soler realiza la <strong>instalaci\u00f3n de ascensores<\/strong> en todas partes de Catalu\u00f1a. Trabajamos en Barcelona, Badalona, Tarragona, Lleida, Girona, Reus, Terrassa, Matar\u00f3, Hospitalet de Llobregat, Santa Coloma de Gramanet y Sabadell<\/p>\n<p>Si desea puede ponerse en <a href=\"\/es\/contacto\/\">contacto<\/a> con nosotros o llamarnos al n\u00famero de tel\u00e9fono 934 216 911<\/p>\n<p>[\/et_pb_text][\/et_pb_column][et_pb_column type=\u00bb1_3&#8243;][et_pb_button admin_label=\u00bbEl\u00e9ctricos con cuarto de maquinaria\u00bb _builder_version=\u00bb3.19.12&#8243; button_text=\u00bbEl\u00e9ctricos con cuarto de maquinaria\u00bb button_alignment=\u00bbcenter\u00bb custom_css_main_element=\u00bbwidth: 100% !important;\u00bb custom_margin=\u00bb||4%|\u00bb button_url=\u00bb\/es\/instalacion-de-ascensores-electricos-con-cuarto-de-maquinaria\/\u00bb \/][et_pb_button admin_label=\u00bbEl\u00e9ctricos sin cuarto de maquinaria\u00bb _builder_version=\u00bb3.19.12&#8243; button_text=\u00bbEl\u00e9ctricos sin cuarto de maquinaria\u00bb button_alignment=\u00bbcenter\u00bb custom_css_main_element=\u00bbwidth: 100% !important;\u00bb custom_margin=\u00bb||4%|\u00bb button_url=\u00bb\/es\/instalacion-de-ascensores-electricos-sin-cuarto-de-maquinaria\/\u00bb \/][et_pb_button admin_label=\u00bbOleodin\u00e1micos con cuarto\u00bb _builder_version=\u00bb3.19.12&#8243; button_text=\u00bbOleodin\u00e1micos con cuarto\u00bb button_alignment=\u00bbcenter\u00bb custom_css_main_element=\u00bbwidth: 100% !important;\u00bb custom_margin=\u00bb||4%|\u00bb button_url=\u00bb\/es\/instalacion-de-ascensores-oleodinamicos-con-cuarto\/\u00bb \/][et_pb_button admin_label=\u00bbOleodin\u00e1micos sin cuarto\u00bb _builder_version=\u00bb3.19.12&#8243; button_text=\u00bbOleodin\u00e1micos sin cuarto\u00bb button_alignment=\u00bbcenter\u00bb custom_css_main_element=\u00bbwidth: 100% !important;\u00bb custom_margin=\u00bb||4%|\u00bb button_url=\u00bb\/es\/instalacion-de-ascensores-oleodinamicos-sin-cuarto\/\u00bb \/][et_pb_button admin_label=\u00bbElevador cabinado oleodin\u00e1mico\u00bb _builder_version=\u00bb3.19.12&#8243; button_text=\u00bbElevador cabinado oleodin\u00e1mico\u00bb button_alignment=\u00bbcenter\u00bb custom_css_main_element=\u00bbwidth: 100% !important;\u00bb custom_margin=\u00bb||4%|\u00bb button_url=\u00bb\/es\/instalacion-de-elevadores-cabinados-oleodinamicos\/\u00bb \/][et_pb_button admin_label=\u00bbAscensores inclinados\u00bb _builder_version=\u00bb3.19.12&#8243; button_text=\u00bbAscensores inclinados\u00bb button_alignment=\u00bbcenter\u00bb custom_css_main_element=\u00bbwidth: 100% !important;\u00bb custom_margin=\u00bb||4%|\u00bb button_url=\u00bb\/es\/instalacion-de-ascensores-inclinados\/\u00bb \/][\/et_pb_column][\/et_pb_row][et_pb_row admin_label=\u00bbResponsive\u00bb _builder_version=\u00bb3.19.12&#8243; disabled_on=\u00bb||on\u00bb disabled=\u00bboff\u00bb collapsed=\u00bboff\u00bb][et_pb_column type=\u00bb1_3&#8243;][et_pb_image _builder_version=\u00bb3.19.12&#8243; src=\u00bbhttps:\/\/soler-wp.ixole.es\/wp-content\/uploads\/2019\/02\/ascensors.jpg\u00bb \/][\/et_pb_column][et_pb_column type=\u00bb1_3&#8243;][et_pb_text _builder_version=\u00bb3.19.12&#8243;]<\/p>\n<p>Ascensors Soler realiza la <strong>instalaci\u00f3n de ascensores<\/strong> en todas partes de Catalu\u00f1a. Trabajamos en Barcelona, Badalona, Tarragona, Lleida, Girona, Reus, Terrassa, Matar\u00f3, Hospitalet de Llobregat, Santa Coloma de Gramanet y Sabadell<\/p>\n<p>Si desea puede ponerse en <a href=\"\/es\/contacto\/\">contacto<\/a> con nosotros o llamarnos al n\u00famero de tel\u00e9fono 934 216 911<\/p>\n<p>[\/et_pb_text][\/et_pb_column][et_pb_column type=\u00bb1_3&#8243;][et_pb_button admin_label=\u00bbEl\u00e9ctricos con cuarto de maquinaria\u00bb _builder_version=\u00bb3.19.12&#8243; button_text=\u00bbEl\u00e9ctricos con cuarto de maquinaria\u00bb button_alignment=\u00bbcenter\u00bb custom_css_main_element=\u00bbwidth: 100% !important;\u00bb custom_margin=\u00bb||4%|\u00bb button_url=\u00bb\/es\/instalacion-de-ascensores-electricos-con-cuarto-de-maquinaria\/\u00bb \/][et_pb_button admin_label=\u00bbEl\u00e9ctricos sin cuarto de maquinaria\u00bb _builder_version=\u00bb3.19.12&#8243; button_text=\u00bbEl\u00e9ctricos sin cuarto de maquinaria\u00bb button_alignment=\u00bbcenter\u00bb custom_css_main_element=\u00bbwidth: 100% !important;\u00bb custom_margin=\u00bb||4%|\u00bb button_url=\u00bb\/es\/instalacion-de-ascensores-electricos-sin-cuarto-de-maquinaria\/\u00bb \/][et_pb_button admin_label=\u00bbOleodin\u00e1micos con cuarto\u00bb _builder_version=\u00bb3.19.12&#8243; button_text=\u00bbOleodin\u00e1micos con cuarto\u00bb button_alignment=\u00bbcenter\u00bb custom_css_main_element=\u00bbwidth: 100% !important;\u00bb custom_margin=\u00bb||4%|\u00bb button_url=\u00bb\/es\/instalacion-de-ascensores-oleodinamicos-con-cuarto\/\u00bb \/][et_pb_button admin_label=\u00bbOleodin\u00e1micos sin cuarto\u00bb _builder_version=\u00bb3.19.12&#8243; button_text=\u00bbOleodin\u00e1micos sin cuarto\u00bb button_alignment=\u00bbcenter\u00bb custom_css_main_element=\u00bbwidth: 100% !important;\u00bb custom_margin=\u00bb||4%|\u00bb button_url=\u00bb\/es\/instalacion-de-ascensores-oleodinamicos-sin-cuarto\/\u00bb \/][et_pb_button admin_label=\u00bbElevador cabinado oleodin\u00e1mico\u00bb _builder_version=\u00bb3.19.12&#8243; button_text=\u00bbElevador cabinado oleodin\u00e1mico\u00bb button_alignment=\u00bbcenter\u00bb custom_css_main_element=\u00bbwidth: 100% !important;\u00bb custom_margin=\u00bb||4%|\u00bb button_url=\u00bb\/es\/instalacion-de-elevadores-cabinados-oleodinamicos\/\u00bb \/][et_pb_button admin_label=\u00bbAscensores inclinados\u00bb _builder_version=\u00bb3.19.12&#8243; button_text=\u00bbAscensores inclinados\u00bb button_alignment=\u00bbcenter\u00bb custom_css_main_element=\u00bbwidth: 100% !important;\u00bb custom_margin=\u00bb||4%|\u00bb button_url=\u00bb\/es\/instalacion-de-ascensores-inclinados\/\u00bb \/][\/et_pb_column][\/et_pb_row][\/et_pb_section][et_pb_section bb_built=\u00bb1&#8243; specialty=\u00bboff\u00bb prev_background_color=\u00bb#ffffff\u00bb _builder_version=\u00bb3.17.6&#8243; background_color=\u00bb#f4f4f4&#8243;][et_pb_row _builder_version=\u00bb3.17.6&#8243;][et_pb_column type=\u00bb4_4&#8243;][et_pb_text _builder_version=\u00bb3.19.12&#8243; header_font=\u00bb|700||on|||||\u00bb header_font_size=\u00bb32px\u00bb header_text_color=\u00bb#1a3f74&#8243; header_2_text_color=\u00bb#1a3f74&#8243; header_2_font=\u00bb|700||on|||||\u00bb border_width_bottom=\u00bb2px\u00bb border_color_bottom=\u00bb#1a3f74&#8243; header_2_font_size=\u00bb22px\u00bb]<\/p>\n<h2 style=\"text-align: left;\">PROYECTOS REALIZADOS<\/h2>\n<p>[\/et_pb_text][\/et_pb_column][\/et_pb_row][et_pb_row][et_pb_column type=\u00bb4_4&#8243;][et_pb_portfolio _builder_version=\u00bb3.19.12&#8243; posts_number=\u00bb28&#8243; show_categories=\u00bboff\u00bb fullwidth=\u00bboff\u00bb zoom_icon_color=\u00bb#1a3f74&#8243; hover_overlay_color=\u00bbrgba(255,255,255,0.9)\u00bb include_categories=\u00bb31&#8243; title_font=\u00bb||on||||||\u00bb title_font_size=\u00bb17&#8243; title_line_height=\u00bb1.3em\u00bb \/][\/et_pb_column][\/et_pb_row][\/et_pb_section]<\/p>\n","protected":false},"excerpt":{"rendered":"<p>Instalaci\u00f3n de ascensores Ascensors Soler realiza la instalaci\u00f3n de ascensores en todas partes de Catalu\u00f1a. Trabajamos en Barcelona, Badalona, Tarragona, Lleida, Girona, Reus, Terrassa, Matar\u00f3, Hospitalet de Llobregat, Santa Coloma de Gramanet y Sabadell Si desea puede ponerse en contacto con nosotros o llamarnos al n\u00famero de tel\u00e9fono 934 216 911 Ascensors Soler realiza la [&hellip;]<\/p>\n","protected":false},"author":1,"featured_media":0,"parent":0,"menu_order":0,"comment_status":"closed","ping_status":"closed","template":"","meta":{"_et_pb_use_builder":"on","_et_pb_old_content":"","_et_gb_content_width":"","footnotes":""},"class_list":["post-4959","page","type-page","status-publish","hentry"],"_links":{"self":[{"href":"https:\/\/soler-wp.ixole.es\/es\/wp-json\/wp\/v2\/pages\/4959","targetHints":{"allow":["GET"]}}],"collection":[{"href":"https:\/\/soler-wp.ixole.es\/es\/wp-json\/wp\/v2\/pages"}],"about":[{"href":"https:\/\/soler-wp.ixole.es\/es\/wp-json\/wp\/v2\/types\/page"}],"author":[{"embeddable":true,"href":"https:\/\/soler-wp.ixole.es\/es\/wp-json\/wp\/v2\/users\/1"}],"replies":[{"embeddable":true,"href":"https:\/\/soler-wp.ixole.es\/es\/wp-json\/wp\/v2\/comments?post=4959"}],"version-history":[{"count":0,"href":"https:\/\/soler-wp.ixole.es\/es\/wp-json\/wp\/v2\/pages\/4959\/revisions"}],"wp:attachment":[{"href":"https:\/\/soler-wp.ixole.es\/es\/wp-json\/wp\/v2\/media?parent=4959"}],"curies":[{"name":"wp","href":"https:\/\/api.w.org\/{rel}","templated":true}]}}